{"id":18133,"date":"2024-12-17T09:13:52","date_gmt":"2024-12-17T09:13:52","guid":{"rendered":"https:\/\/datadrivnafabriken.com\/?page_id=18133"},"modified":"2025-01-16T15:14:17","modified_gmt":"2025-01-16T15:14:17","slug":"cookies-och-privacy-policy","status":"publish","type":"page","link":"https:\/\/datadrivnafabriken.com\/en\/cookies-och-privacy-policy\/","title":{"rendered":"Cookies and privacy policy"},"content":{"rendered":"<div data-elementor-type=\"wp-page\" data-elementor-id=\"18133\" class=\"elementor elementor-18133\" data-elementor-post-type=\"page\">\n\t\t\t\t<div class=\"elementor-element elementor-element-6a78e0b e-con-full e-flex e-con e-parent\" data-id=\"6a78e0b\" data-element_type=\"container\">\n\t\t<div class=\"elementor-element elementor-element-c52541d e-con-full e-flex e-con e-child\" data-id=\"c52541d\" data-element_type=\"container\">\n\t\t<div class=\"elementor-element elementor-element-0211910 e-con-full e-flex e-con e-child\" data-id=\"0211910\" data-element_type=\"container\">\n\t\t<div class=\"elementor-element elementor-element-2ccdb5d e-con-full e-flex e-con e-child\" data-id=\"2ccdb5d\" data-element_type=\"container\">\n\t\t<div class=\"elementor-element elementor-element-061c9c5 e-con-full e-flex e-con e-child\" data-id=\"061c9c5\" data-element_type=\"container\" data-settings=\"{&quot;background_background&quot;:&quot;classic&quot;}\">\n\t\t<div class=\"elementor-element elementor-element-ce10bdc e-flex e-con-boxed e-con e-child\" data-id=\"ce10bdc\" data-element_type=\"container\">\n\t\t\t\t\t<div class=\"e-con-inner\">\n\t\t\t\t<div class=\"elementor-element elementor-element-107417b elementor-widget elementor-widget-heading\" data-id=\"107417b\" data-element_type=\"widget\" data-widget_type=\"heading.default\">\n\t\t\t\t<div class=\"elementor-widget-container\">\n\t\t\t\t\t<h2 class=\"elementor-heading-title elementor-size-default\">EPICAL PRIVACY POLICY<\/h2>\t\t\t\t<\/div>\n\t\t\t\t<\/div>\n\t\t\t\t<div class=\"elementor-element elementor-element-7eb3c74 elementor-widget elementor-widget-heading\" data-id=\"7eb3c74\" data-element_type=\"widget\" data-widget_type=\"heading.default\">\n\t\t\t\t<div class=\"elementor-widget-container\">\n\t\t\t\t\t<h1 class=\"elementor-heading-title elementor-size-default\">Cookies and privacy policy<\/h1>\t\t\t\t<\/div>\n\t\t\t\t<\/div>\n\t\t\t\t\t<\/div>\n\t\t\t\t<\/div>\n\t\t\t\t<\/div>\n\t\t\t\t<\/div>\n\t\t\t\t<\/div>\n\t\t\t\t<\/div>\n\t\t\t\t<\/div>\n\t\t<div class=\"elementor-element elementor-element-5d7edca e-flex e-con-boxed e-con e-parent\" data-id=\"5d7edca\" data-element_type=\"container\">\n\t\t\t\t\t<div class=\"e-con-inner\">\n\t\t<div class=\"elementor-element elementor-element-09b9da7 e-con-full e-flex e-con e-child\" data-id=\"09b9da7\" data-element_type=\"container\">\n\t\t<div class=\"elementor-element elementor-element-9ad357f e-flex e-con-boxed e-con e-child\" data-id=\"9ad357f\" data-element_type=\"container\">\n\t\t\t\t\t<div class=\"e-con-inner\">\n\t\t\t\t<div class=\"elementor-element elementor-element-e540c8e elementor-widget elementor-widget-spacer\" data-id=\"e540c8e\" data-element_type=\"widget\" data-widget_type=\"spacer.default\">\n\t\t\t\t<div class=\"elementor-widget-container\">\n\t\t\t\t\t\t\t<div class=\"elementor-spacer\">\n\t\t\t<div class=\"elementor-spacer-inner\"><\/div>\n\t\t<\/div>\n\t\t\t\t\t\t<\/div>\n\t\t\t\t<\/div>\n\t\t\t\t<div class=\"elementor-element elementor-element-54140a5 Visible_paths elementor-widget elementor-widget-breadcrumbs\" data-id=\"54140a5\" data-element_type=\"widget\" data-widget_type=\"breadcrumbs.default\">\n\t\t\t\t<div class=\"elementor-widget-container\">\n\t\t\t\t\t<p id=\"breadcrumbs\"><span><span><a href=\"https:\/\/datadrivnafabriken.com\/en\/\">Home<\/a><\/span><\/span><\/p>\t\t\t\t<\/div>\n\t\t\t\t<\/div>\n\t\t\t\t<div class=\"elementor-element elementor-element-b4d2bc0 elementor-widget elementor-widget-spacer\" data-id=\"b4d2bc0\" data-element_type=\"widget\" data-widget_type=\"spacer.default\">\n\t\t\t\t<div class=\"elementor-widget-container\">\n\t\t\t\t\t\t\t<div class=\"elementor-spacer\">\n\t\t\t<div class=\"elementor-spacer-inner\"><\/div>\n\t\t<\/div>\n\t\t\t\t\t\t<\/div>\n\t\t\t\t<\/div>\n\t\t\t\t\t<\/div>\n\t\t\t\t<\/div>\n\t\t\t\t<\/div>\n\t\t\t\t\t<\/div>\n\t\t\t\t<\/div>\n\t\t<div class=\"elementor-element elementor-element-3cbe19b e-flex e-con-boxed e-con e-parent\" data-id=\"3cbe19b\" data-element_type=\"container\">\n\t\t\t\t\t<div class=\"e-con-inner\">\n\t\t\t\t<div class=\"elementor-element elementor-element-e3dd711 elementor-widget elementor-widget-text-editor\" data-id=\"e3dd711\" data-element_type=\"widget\" data-widget_type=\"text-editor.default\">\n\t\t\t\t<div class=\"elementor-widget-container\">\n\t\t\t\t\t\t\t\t\t<p>At Datadrivna fabriken (part of Epical), we are responsible for the processing of personal data on our website. Our policy provides you with a clear picture of your rights as well as our obligations towards you as a visitor.<\/p>\t\t\t\t\t\t\t\t<\/div>\n\t\t\t\t<\/div>\n\t\t\t\t<div class=\"elementor-element elementor-element-d38aa01 elementor-widget elementor-widget-heading\" data-id=\"d38aa01\" data-element_type=\"widget\" data-widget_type=\"heading.default\">\n\t\t\t\t<div class=\"elementor-widget-container\">\n\t\t\t\t\t<h2 class=\"elementor-heading-title elementor-size-default\">Datadrivna fabriken Privacy Policy<\/h2>\t\t\t\t<\/div>\n\t\t\t\t<\/div>\n\t\t\t\t<div class=\"elementor-element elementor-element-dda06c8 elementor-widget elementor-widget-text-editor\" data-id=\"dda06c8\" data-element_type=\"widget\" data-widget_type=\"text-editor.default\">\n\t\t\t\t<div class=\"elementor-widget-container\">\n\t\t\t\t\t\t\t\t\t<p>At the <strong>Datadrivna fabriken<\/strong> We are committed to ensuring you have the best possible experience on our customer portal. Therefore, we use cookies to enhance the user experience and store the personal data you consent to when you fill out contact forms or interact with our customer portal in other ways. We are always completely transparent about how we handle the information we collect about you as a visitor to our website.<\/p><p>Our processing of your personal data is based on your consent as a visitor. This policy contains information about the type of data we collect, how and why we process your personal data and cookies on our website. Our policy provides you with a clear picture of your rights as well as our obligations towards you as a visitor.<\/p>\t\t\t\t\t\t\t\t<\/div>\n\t\t\t\t<\/div>\n\t\t\t\t<div class=\"elementor-element elementor-element-0790f0f elementor-widget elementor-widget-heading\" data-id=\"0790f0f\" data-element_type=\"widget\" data-widget_type=\"heading.default\">\n\t\t\t\t<div class=\"elementor-widget-container\">\n\t\t\t\t\t<h3 class=\"elementor-heading-title elementor-size-default\">Data Controller<\/h3>\t\t\t\t<\/div>\n\t\t\t\t<\/div>\n\t\t\t\t<div class=\"elementor-element elementor-element-98d4e98 elementor-widget elementor-widget-text-editor\" data-id=\"98d4e98\" data-element_type=\"widget\" data-widget_type=\"text-editor.default\">\n\t\t\t\t<div class=\"elementor-widget-container\">\n\t\t\t\t\t\t\t\t\t<p>At Datadrivna fabriken, we are responsible for the processing of your personal data on our customer portal. Being a data controller means that we must ensure that you as a visitor:<\/p>\t\t\t\t\t\t\t\t<\/div>\n\t\t\t\t<\/div>\n\t\t\t\t<div class=\"elementor-element elementor-element-09e1df0 elementor-widget elementor-widget-text-editor\" data-id=\"09e1df0\" data-element_type=\"widget\" data-widget_type=\"text-editor.default\">\n\t\t\t\t<div class=\"elementor-widget-container\">\n\t\t\t\t\t\t\t\t\t<ol>\n \t<li>Are aware that we collect your personal data, how we do this, and why.<\/li><br>\n \t<li>You can actively approve or deny the processing and storage of your personal data. We do not process your personal data without your consent.<\/li>\n<\/ol>\n<ol class=\"sitesmart-ol\">\n \t<li style=\"list-style-type: none;\"><\/li>\n<\/ol>\t\t\t\t\t\t\t\t<\/div>\n\t\t\t\t<\/div>\n\t\t\t\t<div class=\"elementor-element elementor-element-756381c elementor-widget elementor-widget-heading\" data-id=\"756381c\" data-element_type=\"widget\" data-widget_type=\"heading.default\">\n\t\t\t\t<div class=\"elementor-widget-container\">\n\t\t\t\t\t<h3 class=\"elementor-heading-title elementor-size-default\">What Personal Data do we Store About you?<\/h3>\t\t\t\t<\/div>\n\t\t\t\t<\/div>\n\t\t\t\t<div class=\"elementor-element elementor-element-c282f89 elementor-widget elementor-widget-text-editor\" data-id=\"c282f89\" data-element_type=\"widget\" data-widget_type=\"text-editor.default\">\n\t\t\t\t<div class=\"elementor-widget-container\">\n\t\t\t\t\t\t\t\t\t<p>The personal data we may collect includes information you provide through contact forms on our website, such as <strong>name, email address, phone number, etc.<\/strong>In addition to these details, <strong>cookies<\/strong> may be stored on your computer to enhance your user experience on our website.<\/p><p><strong>Important information:<\/strong> We do <strong>inte in<\/strong> any personal data unless you explicitly provide it through contact forms or other means.<\/p>\t\t\t\t\t\t\t\t<\/div>\n\t\t\t\t<\/div>\n\t\t\t\t<div class=\"elementor-element elementor-element-4b61c29 elementor-widget elementor-widget-heading\" data-id=\"4b61c29\" data-element_type=\"widget\" data-widget_type=\"heading.default\">\n\t\t\t\t<div class=\"elementor-widget-container\">\n\t\t\t\t\t<h3 class=\"elementor-heading-title elementor-size-default\">Why do we Need your Personal Data?<\/h3>\t\t\t\t<\/div>\n\t\t\t\t<\/div>\n\t\t\t\t<div class=\"elementor-element elementor-element-5271f38 elementor-widget elementor-widget-text-editor\" data-id=\"5271f38\" data-element_type=\"widget\" data-widget_type=\"text-editor.default\">\n\t\t\t\t<div class=\"elementor-widget-container\">\n\t\t\t\t\t\t\t\t\t<p>We collect your information when you fill out a contact form to be able to get in touch with you and provide you with relevant information or support.<\/p>\t\t\t\t\t\t\t\t<\/div>\n\t\t\t\t<\/div>\n\t\t\t\t<div class=\"elementor-element elementor-element-2cf68a2 elementor-widget elementor-widget-heading\" data-id=\"2cf68a2\" data-element_type=\"widget\" data-widget_type=\"heading.default\">\n\t\t\t\t<div class=\"elementor-widget-container\">\n\t\t\t\t\t<h3 class=\"elementor-heading-title elementor-size-default\">What Cookies do we Use? <\/h3>\t\t\t\t<\/div>\n\t\t\t\t<\/div>\n\t\t\t\t<div class=\"elementor-element elementor-element-ec22f5c elementor-widget elementor-widget-text-editor\" data-id=\"ec22f5c\" data-element_type=\"widget\" data-widget_type=\"text-editor.default\">\n\t\t\t\t<div class=\"elementor-widget-container\">\n\t\t\t\t\t\t\t\t\t<p>To provide you with a better experience on our customer portal, we use Google Analytics, including cookies. These cookies help us collect anonymized data about your user behavior on the customer portal, which is used to improve the content and functionality of our customer portal.<\/p><p>If you fill out a contact form on our customer portal, cookies may be stored to:<\/p>\t\t\t\t\t\t\t\t<\/div>\n\t\t\t\t<\/div>\n\t\t\t\t<div class=\"elementor-element elementor-element-162d17d elementor-widget elementor-widget-text-editor\" data-id=\"162d17d\" data-element_type=\"widget\" data-widget_type=\"text-editor.default\">\n\t\t\t\t<div class=\"elementor-widget-container\">\n\t\t\t\t\t\t\t\t\t<ul>\n \t<li><strong>Track sessions<\/strong>To ensure that data is saved correctly when you navigate the customer portal and fill out forms.<\/li><br>\n \t<li><strong>Protect against spam<\/strong>: If we use services like <strong>reCAPTCHA<\/strong> to prevent automated submissions, cookies are stored for security purposes.<\/li>\n<\/ul>\t\t\t\t\t\t\t\t<\/div>\n\t\t\t\t<\/div>\n\t\t\t\t<div class=\"elementor-element elementor-element-35adf36 elementor-widget elementor-widget-heading\" data-id=\"35adf36\" data-element_type=\"widget\" data-widget_type=\"heading.default\">\n\t\t\t\t<div class=\"elementor-widget-container\">\n\t\t\t\t\t<h3 class=\"elementor-heading-title elementor-size-default\">How Long do we Store Personal Data and Cookies?<\/h3>\t\t\t\t<\/div>\n\t\t\t\t<\/div>\n\t\t\t\t<div class=\"elementor-element elementor-element-c082679 elementor-widget elementor-widget-text-editor\" data-id=\"c082679\" data-element_type=\"widget\" data-widget_type=\"text-editor.default\">\n\t\t\t\t<div class=\"elementor-widget-container\">\n\t\t\t\t\t\t\t\t\t<p>We store your personal data and cookies as long as we have your consent, or as long as we need them to fulfill the purpose for which they were collected (e.g., contact requests).<\/p><p>You can withdraw your consent to the use of cookies at any time by changing the settings in your browser.<\/p>\t\t\t\t\t\t\t\t<\/div>\n\t\t\t\t<\/div>\n\t\t\t\t<div class=\"elementor-element elementor-element-a0fc917 elementor-widget elementor-widget-heading\" data-id=\"a0fc917\" data-element_type=\"widget\" data-widget_type=\"heading.default\">\n\t\t\t\t<div class=\"elementor-widget-container\">\n\t\t\t\t\t<h3 class=\"elementor-heading-title elementor-size-default\">Your consent is required!<\/h3>\t\t\t\t<\/div>\n\t\t\t\t<\/div>\n\t\t\t\t<div class=\"elementor-element elementor-element-3a5ba26 elementor-widget elementor-widget-text-editor\" data-id=\"3a5ba26\" data-element_type=\"widget\" data-widget_type=\"text-editor.default\">\n\t\t\t\t<div class=\"elementor-widget-container\">\n\t\t\t\t\t\t\t\t\t<p>We process your personal data and cookies after you have approved the handling, as well as the purpose of our handling of your personal data.<\/p><p>You can prevent further storage of cookies at any time and delete already stored cookies via your browser, see above.<\/p>\t\t\t\t\t\t\t\t<\/div>\n\t\t\t\t<\/div>\n\t\t\t\t<div class=\"elementor-element elementor-element-e8dc7c9 elementor-widget elementor-widget-heading\" data-id=\"e8dc7c9\" data-element_type=\"widget\" data-widget_type=\"heading.default\">\n\t\t\t\t<div class=\"elementor-widget-container\">\n\t\t\t\t\t<h3 class=\"elementor-heading-title elementor-size-default\">Contact Us <\/h3>\t\t\t\t<\/div>\n\t\t\t\t<\/div>\n\t\t\t\t<div class=\"elementor-element elementor-element-d93ccf2 elementor-widget elementor-widget-text-editor\" data-id=\"d93ccf2\" data-element_type=\"widget\" data-widget_type=\"text-editor.default\">\n\t\t\t\t<div class=\"elementor-widget-container\">\n\t\t\t\t\t\t\t\t\t<p>If you have any questions about how and why we handle your personal data, including cookies, you are warmly welcome to contact us.&nbsp;<\/p>\t\t\t\t\t\t\t\t<\/div>\n\t\t\t\t<\/div>\n\t\t\t\t\t<\/div>\n\t\t\t\t<\/div>\n\t\t<div class=\"elementor-element elementor-element-a77b814 e-flex e-con-boxed e-con e-parent\" data-id=\"a77b814\" data-element_type=\"container\">\n\t\t\t\t\t<div class=\"e-con-inner\">\n\t\t\t\t<div class=\"elementor-element elementor-element-fea2cc2 elementor-widget elementor-widget-spacer\" data-id=\"fea2cc2\" data-element_type=\"widget\" data-widget_type=\"spacer.default\">\n\t\t\t\t<div class=\"elementor-widget-container\">\n\t\t\t\t\t\t\t<div class=\"elementor-spacer\">\n\t\t\t<div class=\"elementor-spacer-inner\"><\/div>\n\t\t<\/div>\n\t\t\t\t\t\t<\/div>\n\t\t\t\t<\/div>\n\t\t\t\t\t<\/div>\n\t\t\t\t<\/div>\n\t\t\t\t<\/div>","protected":false},"excerpt":{"rendered":"<p>EPICAL PRIVACY POLICY Cookies och privacy policy Vi p\u00e5 Datadrivna fabriken (en del av Epical) \u00e4r personuppgiftsansvarig f\u00f6r behandling av [&hellip;]<\/p>","protected":false},"author":1,"featured_media":0,"parent":0,"menu_order":0,"comment_status":"closed","ping_status":"closed","template":"","meta":{"content-type":"","site-sidebar-layout":"no-sidebar","site-content-layout":"","ast-site-content-layout":"full-width-container","site-content-style":"default","site-sidebar-style":"default","ast-global-header-display":"","ast-banner-title-visibility":"","ast-main-header-display":"","ast-hfb-above-header-display":"","ast-hfb-below-header-display":"","ast-hfb-mobile-header-display":"","site-post-title":"disabled","ast-breadcrumbs-content":"","ast-featured-img":"disabled","footer-sml-layout":"","theme-transparent-header-meta":"","adv-header-id-meta":"","stick-header-meta":"","header-above-stick-meta":"","header-main-stick-meta":"","header-below-stick-meta":"","astra-migrate-meta-layouts":"default","ast-page-background-enabled":"default","ast-page-background-meta":{"desktop":{"background-color":"var(--ast-global-color-4)","background-image":"","background-repeat":"repeat","background-position":"center center","background-size":"auto","background-attachment":"scroll","background-type":"","background-media":"","overlay-type":"","overlay-color":"","overlay-opacity":"","overlay-gradient":""},"tablet":{"background-color":"","background-image":"","background-repeat":"repeat","background-position":"center center","background-size":"auto","background-attachment":"scroll","background-type":"","background-media":"","overlay-type":"","overlay-color":"","overlay-opacity":"","overlay-gradient":""},"mobile":{"background-color":"","background-image":"","background-repeat":"repeat","background-position":"center center","background-size":"auto","background-attachment":"scroll","background-type":"","background-media":"","overlay-type":"","overlay-color":"","overlay-opacity":"","overlay-gradient":""}},"ast-content-background-meta":{"desktop":{"background-color":"var(--ast-global-color-5)","background-image":"","background-repeat":"repeat","background-position":"center center","background-size":"auto","background-attachment":"scroll","background-type":"","background-media":"","overlay-type":"","overlay-color":"","overlay-opacity":"","overlay-gradient":""},"tablet":{"background-color":"var(--ast-global-color-5)","background-image":"","background-repeat":"repeat","background-position":"center center","background-size":"auto","background-attachment":"scroll","background-type":"","background-media":"","overlay-type":"","overlay-color":"","overlay-opacity":"","overlay-gradient":""},"mobile":{"background-color":"var(--ast-global-color-5)","background-image":"","background-repeat":"repeat","background-position":"center center","background-size":"auto","background-attachment":"scroll","background-type":"","background-media":"","overlay-type":"","overlay-color":"","overlay-opacity":"","overlay-gradient":""}},"footnotes":""},"class_list":["post-18133","page","type-page","status-publish","hentry"],"yoast_head":"<!-- This site is optimized with the Yoast SEO plugin v26.6 - https:\/\/yoast.com\/wordpress\/plugins\/seo\/ -->\n<title>Cookies och privacy policy - Datadrivna fabriken<\/title>\n<meta name=\"robots\" content=\"index, follow, max-snippet:-1, max-image-preview:large, max-video-preview:-1\" \/>\n<link rel=\"canonical\" href=\"https:\/\/datadrivnafabriken.com\/en\/cookies-och-privacy-policy\/\" \/>\n<meta property=\"og:locale\" content=\"en_US\" \/>\n<meta property=\"og:type\" content=\"article\" \/>\n<meta property=\"og:title\" content=\"Cookies och privacy policy - Datadrivna fabriken\" \/>\n<meta property=\"og:description\" content=\"EPICAL PRIVACY POLICY Cookies och privacy policy Vi p\u00e5 Datadrivna fabriken (en del av Epical) \u00e4r personuppgiftsansvarig f\u00f6r behandling av [&hellip;]\" \/>\n<meta property=\"og:url\" content=\"https:\/\/datadrivnafabriken.com\/en\/cookies-och-privacy-policy\/\" \/>\n<meta property=\"og:site_name\" content=\"Datadrivna fabriken\" \/>\n<meta property=\"article:modified_time\" content=\"2025-01-16T15:14:17+00:00\" \/>\n<meta name=\"twitter:card\" content=\"summary_large_image\" \/>\n<meta name=\"twitter:label1\" content=\"Est. reading time\" \/>\n\t<meta name=\"twitter:data1\" content=\"3 minutes\" \/>\n<script type=\"application\/ld+json\" class=\"yoast-schema-graph\">{\"@context\":\"https:\/\/schema.org\",\"@graph\":[{\"@type\":\"WebPage\",\"@id\":\"https:\/\/datadrivnafabriken.com\/cookies-och-privacy-policy\/\",\"url\":\"https:\/\/datadrivnafabriken.com\/cookies-och-privacy-policy\/\",\"name\":\"Cookies och privacy policy - Datadrivna fabriken\",\"isPartOf\":{\"@id\":\"https:\/\/datadrivnafabriken.com\/#website\"},\"datePublished\":\"2024-12-17T09:13:52+00:00\",\"dateModified\":\"2025-01-16T15:14:17+00:00\",\"breadcrumb\":{\"@id\":\"https:\/\/datadrivnafabriken.com\/cookies-och-privacy-policy\/#breadcrumb\"},\"inLanguage\":\"en-US\",\"potentialAction\":[{\"@type\":\"ReadAction\",\"target\":[\"https:\/\/datadrivnafabriken.com\/cookies-och-privacy-policy\/\"]}]},{\"@type\":\"BreadcrumbList\",\"@id\":\"https:\/\/datadrivnafabriken.com\/cookies-och-privacy-policy\/#breadcrumb\",\"itemListElement\":[{\"@type\":\"ListItem\",\"position\":1,\"name\":\"Hem\",\"item\":\"https:\/\/datadrivnafabriken.com\/\"},{\"@type\":\"ListItem\",\"position\":2,\"name\":\"Cookies och privacy policy\"}]},{\"@type\":\"WebSite\",\"@id\":\"https:\/\/datadrivnafabriken.com\/#website\",\"url\":\"https:\/\/datadrivnafabriken.com\/\",\"name\":\"Datadrivna fabriken\",\"description\":\"\",\"publisher\":{\"@id\":\"https:\/\/datadrivnafabriken.com\/#organization\"},\"potentialAction\":[{\"@type\":\"SearchAction\",\"target\":{\"@type\":\"EntryPoint\",\"urlTemplate\":\"https:\/\/datadrivnafabriken.com\/?s={search_term_string}\"},\"query-input\":{\"@type\":\"PropertyValueSpecification\",\"valueRequired\":true,\"valueName\":\"search_term_string\"}}],\"inLanguage\":\"en-US\"},{\"@type\":\"Organization\",\"@id\":\"https:\/\/datadrivnafabriken.com\/#organization\",\"name\":\"Datadrivna fabriken\",\"url\":\"https:\/\/datadrivnafabriken.com\/\",\"logo\":{\"@type\":\"ImageObject\",\"inLanguage\":\"en-US\",\"@id\":\"https:\/\/datadrivnafabriken.com\/#\/schema\/logo\/image\/\",\"url\":\"https:\/\/datadrivnafabriken.com\/wp-content\/uploads\/2024\/11\/cropped-epicalgroup_logo.jpg\",\"contentUrl\":\"https:\/\/datadrivnafabriken.com\/wp-content\/uploads\/2024\/11\/cropped-epicalgroup_logo.jpg\",\"width\":512,\"height\":512,\"caption\":\"Datadrivna fabriken\"},\"image\":{\"@id\":\"https:\/\/datadrivnafabriken.com\/#\/schema\/logo\/image\/\"}}]}<\/script>\n<!-- \/ Yoast SEO plugin. -->","yoast_head_json":{"title":"Cookies och privacy policy - Datadrivna fabriken","robots":{"index":"index","follow":"follow","max-snippet":"max-snippet:-1","max-image-preview":"max-image-preview:large","max-video-preview":"max-video-preview:-1"},"canonical":"https:\/\/datadrivnafabriken.com\/en\/cookies-och-privacy-policy\/","og_locale":"en_US","og_type":"article","og_title":"Cookies och privacy policy - Datadrivna fabriken","og_description":"EPICAL PRIVACY POLICY Cookies och privacy policy Vi p\u00e5 Datadrivna fabriken (en del av Epical) \u00e4r personuppgiftsansvarig f\u00f6r behandling av [&hellip;]","og_url":"https:\/\/datadrivnafabriken.com\/en\/cookies-och-privacy-policy\/","og_site_name":"Datadrivna fabriken","article_modified_time":"2025-01-16T15:14:17+00:00","twitter_card":"summary_large_image","twitter_misc":{"Est. reading time":"3 minutes"},"schema":{"@context":"https:\/\/schema.org","@graph":[{"@type":"WebPage","@id":"https:\/\/datadrivnafabriken.com\/cookies-och-privacy-policy\/","url":"https:\/\/datadrivnafabriken.com\/cookies-och-privacy-policy\/","name":"Cookies och privacy policy - Datadrivna fabriken","isPartOf":{"@id":"https:\/\/datadrivnafabriken.com\/#website"},"datePublished":"2024-12-17T09:13:52+00:00","dateModified":"2025-01-16T15:14:17+00:00","breadcrumb":{"@id":"https:\/\/datadrivnafabriken.com\/cookies-och-privacy-policy\/#breadcrumb"},"inLanguage":"en-US","potentialAction":[{"@type":"ReadAction","target":["https:\/\/datadrivnafabriken.com\/cookies-och-privacy-policy\/"]}]},{"@type":"BreadcrumbList","@id":"https:\/\/datadrivnafabriken.com\/cookies-och-privacy-policy\/#breadcrumb","itemListElement":[{"@type":"ListItem","position":1,"name":"Hem","item":"https:\/\/datadrivnafabriken.com\/"},{"@type":"ListItem","position":2,"name":"Cookies och privacy policy"}]},{"@type":"WebSite","@id":"https:\/\/datadrivnafabriken.com\/#website","url":"https:\/\/datadrivnafabriken.com\/","name":"Datadrivna fabriken","description":"","publisher":{"@id":"https:\/\/datadrivnafabriken.com\/#organization"},"potentialAction":[{"@type":"SearchAction","target":{"@type":"EntryPoint","urlTemplate":"https:\/\/datadrivnafabriken.com\/?s={search_term_string}"},"query-input":{"@type":"PropertyValueSpecification","valueRequired":true,"valueName":"search_term_string"}}],"inLanguage":"en-US"},{"@type":"Organization","@id":"https:\/\/datadrivnafabriken.com\/#organization","name":"Datadrivna fabriken","url":"https:\/\/datadrivnafabriken.com\/","logo":{"@type":"ImageObject","inLanguage":"en-US","@id":"https:\/\/datadrivnafabriken.com\/#\/schema\/logo\/image\/","url":"https:\/\/datadrivnafabriken.com\/wp-content\/uploads\/2024\/11\/cropped-epicalgroup_logo.jpg","contentUrl":"https:\/\/datadrivnafabriken.com\/wp-content\/uploads\/2024\/11\/cropped-epicalgroup_logo.jpg","width":512,"height":512,"caption":"Datadrivna fabriken"},"image":{"@id":"https:\/\/datadrivnafabriken.com\/#\/schema\/logo\/image\/"}}]}},"_links":{"self":[{"href":"https:\/\/datadrivnafabriken.com\/en\/wp-json\/wp\/v2\/pages\/18133","targetHints":{"allow":["GET"]}}],"collection":[{"href":"https:\/\/datadrivnafabriken.com\/en\/wp-json\/wp\/v2\/pages"}],"about":[{"href":"https:\/\/datadrivnafabriken.com\/en\/wp-json\/wp\/v2\/types\/page"}],"author":[{"embeddable":true,"href":"https:\/\/datadrivnafabriken.com\/en\/wp-json\/wp\/v2\/users\/1"}],"replies":[{"embeddable":true,"href":"https:\/\/datadrivnafabriken.com\/en\/wp-json\/wp\/v2\/comments?post=18133"}],"version-history":[{"count":34,"href":"https:\/\/datadrivnafabriken.com\/en\/wp-json\/wp\/v2\/pages\/18133\/revisions"}],"predecessor-version":[{"id":19248,"href":"https:\/\/datadrivnafabriken.com\/en\/wp-json\/wp\/v2\/pages\/18133\/revisions\/19248"}],"wp:attachment":[{"href":"https:\/\/datadrivnafabriken.com\/en\/wp-json\/wp\/v2\/media?parent=18133"}],"curies":[{"name":"wp","href":"https:\/\/api.w.org\/{rel}","templated":true}]}}