{"id":10314,"date":"2024-11-18T08:19:59","date_gmt":"2024-11-18T08:19:59","guid":{"rendered":"https:\/\/datadrivnafabriken.com\/?page_id=10314"},"modified":"2025-05-02T12:16:51","modified_gmt":"2025-05-02T12:16:51","slug":"integration","status":"publish","type":"page","link":"https:\/\/datadrivnafabriken.com\/en\/integration\/","title":{"rendered":"Integration"},"content":{"rendered":"<div data-elementor-type=\"wp-page\" data-elementor-id=\"10314\" class=\"elementor elementor-10314\" data-elementor-post-type=\"page\">\n\t\t\t\t<div class=\"elementor-element elementor-element-f68ecfe e-con-full e-flex e-con e-parent\" data-id=\"f68ecfe\" data-element_type=\"container\">\n\t\t<div class=\"elementor-element elementor-element-2ad8945 e-con-full e-flex e-con e-child\" data-id=\"2ad8945\" data-element_type=\"container\">\n\t\t<div class=\"elementor-element elementor-element-fe2d864 e-con-full e-flex e-con e-child\" data-id=\"fe2d864\" data-element_type=\"container\">\n\t\t<div class=\"elementor-element elementor-element-caa03a3 e-con-full e-flex e-con e-child\" data-id=\"caa03a3\" data-element_type=\"container\">\n\t\t<div class=\"elementor-element elementor-element-f40a4b8 e-con-full e-flex e-con e-child\" data-id=\"f40a4b8\" data-element_type=\"container\" data-settings=\"{&quot;background_background&quot;:&quot;classic&quot;}\">\n\t\t<div class=\"elementor-element elementor-element-8661a30 e-flex e-con-boxed e-con e-child\" data-id=\"8661a30\" data-element_type=\"container\">\n\t\t\t\t\t<div class=\"e-con-inner\">\n\t\t\t\t<div class=\"elementor-element elementor-element-abab3d2 elementor-widget elementor-widget-heading\" data-id=\"abab3d2\" data-element_type=\"widget\" data-widget_type=\"heading.default\">\n\t\t\t\t<div class=\"elementor-widget-container\">\n\t\t\t\t\t<h2 class=\"elementor-heading-title elementor-size-default\">EPICALS TJ\u00c4NSTER<\/h2>\t\t\t\t<\/div>\n\t\t\t\t<\/div>\n\t\t\t\t<div class=\"elementor-element elementor-element-32ae54d elementor-widget elementor-widget-heading\" data-id=\"32ae54d\" data-element_type=\"widget\" data-widget_type=\"heading.default\">\n\t\t\t\t<div class=\"elementor-widget-container\">\n\t\t\t\t\t<h1 class=\"elementor-heading-title elementor-size-default\">Integration<\/h1>\t\t\t\t<\/div>\n\t\t\t\t<\/div>\n\t\t\t\t\t<\/div>\n\t\t\t\t<\/div>\n\t\t\t\t<\/div>\n\t\t\t\t<\/div>\n\t\t\t\t<\/div>\n\t\t\t\t<\/div>\n\t\t\t\t<\/div>\n\t\t<div class=\"elementor-element elementor-element-628c3ec e-flex e-con-boxed e-con e-parent\" data-id=\"628c3ec\" data-element_type=\"container\">\n\t\t\t\t\t<div class=\"e-con-inner\">\n\t\t<div class=\"elementor-element elementor-element-ce5fa0e e-con-full e-flex e-con e-child\" data-id=\"ce5fa0e\" data-element_type=\"container\">\n\t\t\t\t<div class=\"elementor-element elementor-element-cd9b2db elementor-widget elementor-widget-spacer\" data-id=\"cd9b2db\" data-element_type=\"widget\" data-widget_type=\"spacer.default\">\n\t\t\t\t<div class=\"elementor-widget-container\">\n\t\t\t\t\t\t\t<div class=\"elementor-spacer\">\n\t\t\t<div class=\"elementor-spacer-inner\"><\/div>\n\t\t<\/div>\n\t\t\t\t\t\t<\/div>\n\t\t\t\t<\/div>\n\t\t\t\t<\/div>\n\t\t\t\t\t<\/div>\n\t\t\t\t<\/div>\n\t\t<div class=\"elementor-element elementor-element-95676e1 e-flex e-con-boxed e-con e-parent\" data-id=\"95676e1\" data-element_type=\"container\">\n\t\t\t\t\t<div class=\"e-con-inner\">\n\t\t<div class=\"elementor-element elementor-element-d0da0d2 e-con-full e-flex e-con e-child\" data-id=\"d0da0d2\" data-element_type=\"container\">\n\t\t<div class=\"elementor-element elementor-element-1c0afe3 e-con-full e-flex e-con e-child\" data-id=\"1c0afe3\" data-element_type=\"container\">\n\t\t<div class=\"elementor-element elementor-element-5be8272 e-con-full e-flex e-con e-child\" data-id=\"5be8272\" data-element_type=\"container\">\n\t\t\t\t<div class=\"elementor-element elementor-element-bc1d41f Visible_paths elementor-widget elementor-widget-breadcrumbs\" data-id=\"bc1d41f\" data-element_type=\"widget\" data-widget_type=\"breadcrumbs.default\">\n\t\t\t\t<div class=\"elementor-widget-container\">\n\t\t\t\t\t<p id=\"breadcrumbs\"><span><span><a href=\"https:\/\/datadrivnafabriken.com\/en\/\">Home<\/a><\/span><\/span><\/p>\t\t\t\t<\/div>\n\t\t\t\t<\/div>\n\t\t\t\t<div class=\"elementor-element elementor-element-5328f76 elementor-widget elementor-widget-spacer\" data-id=\"5328f76\" data-element_type=\"widget\" data-widget_type=\"spacer.default\">\n\t\t\t\t<div class=\"elementor-widget-container\">\n\t\t\t\t\t\t\t<div class=\"elementor-spacer\">\n\t\t\t<div class=\"elementor-spacer-inner\"><\/div>\n\t\t<\/div>\n\t\t\t\t\t\t<\/div>\n\t\t\t\t<\/div>\n\t\t\t\t<\/div>\n\t\t\t\t<\/div>\n\t\t\t\t<\/div>\n\t\t\t\t\t<\/div>\n\t\t\t\t<\/div>\n\t\t<div class=\"elementor-element elementor-element-486a2a7 e-flex e-con-boxed e-con e-parent\" data-id=\"486a2a7\" data-element_type=\"container\">\n\t\t\t\t\t<div class=\"e-con-inner\">\n\t\t<div class=\"elementor-element elementor-element-96413c1 e-con-full e-flex e-con e-child\" data-id=\"96413c1\" data-element_type=\"container\">\n\t\t<div class=\"elementor-element elementor-element-eec2535 e-con-full e-flex e-con e-child\" data-id=\"eec2535\" data-element_type=\"container\">\n\t\t<div class=\"elementor-element elementor-element-2c9042a e-con-full e-flex e-con e-child\" data-id=\"2c9042a\" data-element_type=\"container\">\n\t\t<div class=\"elementor-element elementor-element-121c55a e-con-full e-flex e-con e-child\" data-id=\"121c55a\" data-element_type=\"container\">\n\t\t<div class=\"elementor-element elementor-element-72b8249 e-con-full e-flex e-con e-child\" data-id=\"72b8249\" data-element_type=\"container\">\n\t\t\t\t<div class=\"elementor-element elementor-element-8fded1d elementor-widget elementor-widget-heading\" data-id=\"8fded1d\" data-element_type=\"widget\" data-widget_type=\"heading.default\">\n\t\t\t\t<div class=\"elementor-widget-container\">\n\t\t\t\t\t<h2 class=\"elementor-heading-title elementor-size-default\">Integration - An Important Part of Your Digitalization Journey<\/h2>\t\t\t\t<\/div>\n\t\t\t\t<\/div>\n\t\t\t\t<div class=\"elementor-element elementor-element-79f6618 elementor-hidden-desktop elementor-hidden-tablet elementor-widget elementor-widget-image\" data-id=\"79f6618\" data-element_type=\"widget\" data-widget_type=\"image.default\">\n\t\t\t\t<div class=\"elementor-widget-container\">\n\t\t\t\t\t\t\t\t\t\t\t\t\t\t\t<img fetchpriority=\"high\" decoding=\"async\" width=\"469\" height=\"313\" src=\"https:\/\/datadrivnafabriken.com\/wp-content\/uploads\/2024\/12\/Integration-epical.jpg\" class=\"attachment-large size-large wp-image-18355\" alt=\"En bild som visar en tjej st\u00e5 i en kassa f\u00f6r att visa p\u00e5 olika system som integration \u00e4r en del av\" srcset=\"https:\/\/datadrivnafabriken.com\/wp-content\/uploads\/2024\/12\/Integration-epical.jpg 469w, https:\/\/datadrivnafabriken.com\/wp-content\/uploads\/2024\/12\/Integration-epical-300x200.jpg 300w\" sizes=\"(max-width: 469px) 100vw, 469px\" \/>\t\t\t\t\t\t\t\t\t\t\t\t\t\t\t<\/div>\n\t\t\t\t<\/div>\n\t\t\t\t<div class=\"elementor-element elementor-element-f315d81 elementor-widget elementor-widget-text-editor\" data-id=\"f315d81\" data-element_type=\"widget\" data-widget_type=\"text-editor.default\">\n\t\t\t\t<div class=\"elementor-widget-container\">\n\t\t\t\t\t\t\t\t\t<p>Integrations are important for several reasons, especially in today's digitalized world. Here are some reasons why integrations are so significant:<\/p>\t\t\t\t\t\t\t\t<\/div>\n\t\t\t\t<\/div>\n\t\t\t\t<div class=\"elementor-element elementor-element-e827692 elementor-widget elementor-widget-text-editor\" data-id=\"e827692\" data-element_type=\"widget\" data-widget_type=\"text-editor.default\">\n\t\t\t\t<div class=\"elementor-widget-container\">\n\t\t\t\t\t\t\t\t\t<ol>\n \t<li><strong>Efficiency and Productivity:<\/strong> Integrations enable different systems and applications to communicate with each other, reducing the need for manual data entry and minimizing the risk of errors.<\/li><br>\n \t<li><strong>Better decision-making:<\/strong> By integrating different data sources, companies can gain a more comprehensive view of their operations, facilitating better and more informed decisions.<\/li><br>\n \t<li><strong>Flexibility and Scalability:<\/strong> Integrations enable companies to easily add new features and services without having to replace existing systems.<\/li><br>\n \t<li><strong>Improved Customer Experience:<\/strong> By integrating customer data from various sources, companies can offer a more personalized and cohesive customer experience.<\/li>\n<\/ol>\t\t\t\t\t\t\t\t<\/div>\n\t\t\t\t<\/div>\n\t\t\t\t<div class=\"elementor-element elementor-element-a3a173e elementor-widget elementor-widget-text-editor\" data-id=\"a3a173e\" data-element_type=\"widget\" data-widget_type=\"text-editor.default\">\n\t\t\t\t<div class=\"elementor-widget-container\">\n\t\t\t\t\t\t\t\t\tWithin Maximo, it is us at SAM \"Strategic Asset Management\" who develop and manage various integration solutions. See <a href=\"https:\/\/datadrivnafabriken.com\/en\/maximo-application-suite\/\"><span class=\"hover_link\" style=\"text-decoration: underline;\">Maximo Application Suite<\/span><\/a><br><br>\n\nOther Integration Services from Epical:\t\t\t\t\t\t\t\t<\/div>\n\t\t\t\t<\/div>\n\t\t\t\t<div class=\"elementor-element elementor-element-6f121aa elementor-widget elementor-widget-text-editor\" data-id=\"6f121aa\" data-element_type=\"widget\" data-widget_type=\"text-editor.default\">\n\t\t\t\t<div class=\"elementor-widget-container\">\n\t\t\t\t\t\t\t\t\t<ul>\n \t<li>Integration Strategy<\/li><br>\n \t<li>Integration Development<\/li><br>\n \t<li>Integration Management<\/li><br>\n \t<li>RPA, Robot Process Automation<\/li>\n<\/ul>\t\t\t\t\t\t\t\t<\/div>\n\t\t\t\t<\/div>\n\t\t\t\t<\/div>\n\t\t<div class=\"elementor-element elementor-element-b384b95 e-con-full elementor-hidden-mobile e-flex e-con e-child\" data-id=\"b384b95\" data-element_type=\"container\">\n\t\t\t\t<div class=\"elementor-element elementor-element-03c3d0b elementor-widget elementor-widget-image\" data-id=\"03c3d0b\" data-element_type=\"widget\" data-widget_type=\"image.default\">\n\t\t\t\t<div class=\"elementor-widget-container\">\n\t\t\t\t\t\t\t\t\t\t\t\t\t\t\t<img fetchpriority=\"high\" decoding=\"async\" width=\"469\" height=\"313\" src=\"https:\/\/datadrivnafabriken.com\/wp-content\/uploads\/2024\/12\/Integration-epical.jpg\" class=\"attachment-large size-large wp-image-18355\" alt=\"En bild som visar en tjej st\u00e5 i en kassa f\u00f6r att visa p\u00e5 olika system som integration \u00e4r en del av\" srcset=\"https:\/\/datadrivnafabriken.com\/wp-content\/uploads\/2024\/12\/Integration-epical.jpg 469w, https:\/\/datadrivnafabriken.com\/wp-content\/uploads\/2024\/12\/Integration-epical-300x200.jpg 300w\" sizes=\"(max-width: 469px) 100vw, 469px\" \/>\t\t\t\t\t\t\t\t\t\t\t\t\t\t\t<\/div>\n\t\t\t\t<\/div>\n\t\t\t\t<\/div>\n\t\t\t\t<\/div>\n\t\t\t\t<\/div>\n\t\t\t\t<\/div>\n\t\t\t\t<\/div>\n\t\t\t\t\t<\/div>\n\t\t\t\t<\/div>\n\t\t<div class=\"elementor-element elementor-element-b548f13 e-flex e-con-boxed e-con e-parent\" data-id=\"b548f13\" data-element_type=\"container\">\n\t\t\t\t\t<div class=\"e-con-inner\">\n\t\t\t\t<div class=\"elementor-element elementor-element-0722543 elementor-widget elementor-widget-spacer\" data-id=\"0722543\" data-element_type=\"widget\" data-widget_type=\"spacer.default\">\n\t\t\t\t<div class=\"elementor-widget-container\">\n\t\t\t\t\t\t\t<div class=\"elementor-spacer\">\n\t\t\t<div class=\"elementor-spacer-inner\"><\/div>\n\t\t<\/div>\n\t\t\t\t\t\t<\/div>\n\t\t\t\t<\/div>\n\t\t\t\t\t<\/div>\n\t\t\t\t<\/div>\n\t\t<div class=\"elementor-element elementor-element-fc87faa e-flex e-con-boxed e-con e-parent\" data-id=\"fc87faa\" data-element_type=\"container\">\n\t\t\t\t\t<div class=\"e-con-inner\">\n\t\t<div class=\"elementor-element elementor-element-f5a430d e-flex e-con-boxed e-con e-child\" data-id=\"f5a430d\" data-element_type=\"container\">\n\t\t\t\t\t<div class=\"e-con-inner\">\n\t\t\t\t<div class=\"elementor-element elementor-element-2cd4429 elementor-widget elementor-widget-text-editor\" data-id=\"2cd4429\" data-element_type=\"widget\" data-widget_type=\"text-editor.default\">\n\t\t\t\t<div class=\"elementor-widget-container\">\n\t\t\t\t\t\t\t\t\t<p><span style=\"text-decoration: underline; color: #f04800;\"><a style=\"color: #f04800;\" href=\"https:\/\/www.epicalgroup.com\/services\/integration\" target=\"_blank\" rel=\"noopener\"><span class=\"hover_link_external\">Learn more on our website about integration \u2192<\/span><\/a><\/span><\/p>\t\t\t\t\t\t\t\t<\/div>\n\t\t\t\t<\/div>\n\t\t\t\t\t<\/div>\n\t\t\t\t<\/div>\n\t\t\t\t\t<\/div>\n\t\t\t\t<\/div>\n\t\t<div class=\"elementor-element elementor-element-71da036 e-flex e-con-boxed e-con e-parent\" data-id=\"71da036\" data-element_type=\"container\">\n\t\t\t\t\t<div class=\"e-con-inner\">\n\t\t\t\t<div class=\"elementor-element elementor-element-24a8c53 elementor-widget elementor-widget-spacer\" data-id=\"24a8c53\" data-element_type=\"widget\" data-widget_type=\"spacer.default\">\n\t\t\t\t<div class=\"elementor-widget-container\">\n\t\t\t\t\t\t\t<div class=\"elementor-spacer\">\n\t\t\t<div class=\"elementor-spacer-inner\"><\/div>\n\t\t<\/div>\n\t\t\t\t\t\t<\/div>\n\t\t\t\t<\/div>\n\t\t\t\t\t<\/div>\n\t\t\t\t<\/div>\n\t\t\t\t<\/div>","protected":false},"excerpt":{"rendered":"<p>EPICALS TJ\u00c4NSTER Integration Integration &#8211; en viktig del av er digitaliseringsresa Integrationer \u00e4r viktiga av flera sk\u00e4l, s\u00e4rskilt i dagens [&hellip;]<\/p>","protected":false},"author":1,"featured_media":0,"parent":0,"menu_order":0,"comment_status":"closed","ping_status":"closed","template":"","meta":{"content-type":"","site-sidebar-layout":"no-sidebar","site-content-layout":"","ast-site-content-layout":"full-width-container","site-content-style":"default","site-sidebar-style":"default","ast-global-header-display":"","ast-banner-title-visibility":"","ast-main-header-display":"","ast-hfb-above-header-display":"","ast-hfb-below-header-display":"","ast-hfb-mobile-header-display":"","site-post-title":"disabled","ast-breadcrumbs-content":"","ast-featured-img":"disabled","footer-sml-layout":"","theme-transparent-header-meta":"","adv-header-id-meta":"","stick-header-meta":"","header-above-stick-meta":"","header-main-stick-meta":"","header-below-stick-meta":"","astra-migrate-meta-layouts":"default","ast-page-background-enabled":"default","ast-page-background-meta":{"desktop":{"background-color":"var(--ast-global-color-4)","background-image":"","background-repeat":"repeat","background-position":"center center","background-size":"auto","background-attachment":"scroll","background-type":"","background-media":"","overlay-type":"","overlay-color":"","overlay-opacity":"","overlay-gradient":""},"tablet":{"background-color":"","background-image":"","background-repeat":"repeat","background-position":"center center","background-size":"auto","background-attachment":"scroll","background-type":"","background-media":"","overlay-type":"","overlay-color":"","overlay-opacity":"","overlay-gradient":""},"mobile":{"background-color":"","background-image":"","background-repeat":"repeat","background-position":"center center","background-size":"auto","background-attachment":"scroll","background-type":"","background-media":"","overlay-type":"","overlay-color":"","overlay-opacity":"","overlay-gradient":""}},"ast-content-background-meta":{"desktop":{"background-color":"var(--ast-global-color-5)","background-image":"","background-repeat":"repeat","background-position":"center center","background-size":"auto","background-attachment":"scroll","background-type":"","background-media":"","overlay-type":"","overlay-color":"","overlay-opacity":"","overlay-gradient":""},"tablet":{"background-color":"var(--ast-global-color-5)","background-image":"","background-repeat":"repeat","background-position":"center center","background-size":"auto","background-attachment":"scroll","background-type":"","background-media":"","overlay-type":"","overlay-color":"","overlay-opacity":"","overlay-gradient":""},"mobile":{"background-color":"var(--ast-global-color-5)","background-image":"","background-repeat":"repeat","background-position":"center center","background-size":"auto","background-attachment":"scroll","background-type":"","background-media":"","overlay-type":"","overlay-color":"","overlay-opacity":"","overlay-gradient":""}},"footnotes":""},"class_list":["post-10314","page","type-page","status-publish","hentry"],"yoast_head":"<!-- This site is optimized with the Yoast SEO plugin v26.6 - https:\/\/yoast.com\/wordpress\/plugins\/seo\/ -->\n<title>Integration - Datadrivna fabriken<\/title>\n<meta name=\"description\" content=\"Integration \u00e4r nyckeln till effektivitet, f\u00f6rb\u00e4ttrad flexibilitet, b\u00e4ttre beslutsfattande och kundupplevelser.\" \/>\n<meta name=\"robots\" content=\"index, follow, max-snippet:-1, max-image-preview:large, max-video-preview:-1\" \/>\n<link rel=\"canonical\" href=\"https:\/\/datadrivnafabriken.com\/en\/integration\/\" \/>\n<meta property=\"og:locale\" content=\"en_US\" \/>\n<meta property=\"og:type\" content=\"article\" \/>\n<meta property=\"og:title\" content=\"Integration - Datadrivna fabriken\" \/>\n<meta property=\"og:description\" content=\"Integration \u00e4r nyckeln till effektivitet, f\u00f6rb\u00e4ttrad flexibilitet, b\u00e4ttre beslutsfattande och kundupplevelser.\" \/>\n<meta property=\"og:url\" content=\"https:\/\/datadrivnafabriken.com\/en\/integration\/\" \/>\n<meta property=\"og:site_name\" content=\"Datadrivna fabriken\" \/>\n<meta property=\"article:modified_time\" content=\"2025-05-02T12:16:51+00:00\" \/>\n<meta property=\"og:image\" content=\"https:\/\/datadrivnafabriken.com\/wp-content\/uploads\/2024\/12\/Integration-epical.jpg\" \/>\n\t<meta property=\"og:image:width\" content=\"469\" \/>\n\t<meta property=\"og:image:height\" content=\"313\" \/>\n\t<meta property=\"og:image:type\" content=\"image\/jpeg\" \/>\n<meta name=\"twitter:card\" content=\"summary_large_image\" \/>\n<meta name=\"twitter:label1\" content=\"Est. reading time\" \/>\n\t<meta name=\"twitter:data1\" content=\"2 minutes\" \/>\n<script type=\"application\/ld+json\" class=\"yoast-schema-graph\">{\"@context\":\"https:\/\/schema.org\",\"@graph\":[{\"@type\":\"WebPage\",\"@id\":\"https:\/\/datadrivnafabriken.com\/integration\/\",\"url\":\"https:\/\/datadrivnafabriken.com\/integration\/\",\"name\":\"Integration - Datadrivna fabriken\",\"isPartOf\":{\"@id\":\"https:\/\/datadrivnafabriken.com\/#website\"},\"primaryImageOfPage\":{\"@id\":\"https:\/\/datadrivnafabriken.com\/integration\/#primaryimage\"},\"image\":{\"@id\":\"https:\/\/datadrivnafabriken.com\/integration\/#primaryimage\"},\"thumbnailUrl\":\"https:\/\/datadrivnafabriken.com\/wp-content\/uploads\/2024\/12\/Integration-epical.jpg\",\"datePublished\":\"2024-11-18T08:19:59+00:00\",\"dateModified\":\"2025-05-02T12:16:51+00:00\",\"description\":\"Integration \u00e4r nyckeln till effektivitet, f\u00f6rb\u00e4ttrad flexibilitet, b\u00e4ttre beslutsfattande och kundupplevelser.\",\"breadcrumb\":{\"@id\":\"https:\/\/datadrivnafabriken.com\/integration\/#breadcrumb\"},\"inLanguage\":\"en-US\",\"potentialAction\":[{\"@type\":\"ReadAction\",\"target\":[\"https:\/\/datadrivnafabriken.com\/integration\/\"]}]},{\"@type\":\"ImageObject\",\"inLanguage\":\"en-US\",\"@id\":\"https:\/\/datadrivnafabriken.com\/integration\/#primaryimage\",\"url\":\"https:\/\/datadrivnafabriken.com\/wp-content\/uploads\/2024\/12\/Integration-epical.jpg\",\"contentUrl\":\"https:\/\/datadrivnafabriken.com\/wp-content\/uploads\/2024\/12\/Integration-epical.jpg\"},{\"@type\":\"BreadcrumbList\",\"@id\":\"https:\/\/datadrivnafabriken.com\/integration\/#breadcrumb\",\"itemListElement\":[{\"@type\":\"ListItem\",\"position\":1,\"name\":\"Hem\",\"item\":\"https:\/\/datadrivnafabriken.com\/\"},{\"@type\":\"ListItem\",\"position\":2,\"name\":\"Integration\"}]},{\"@type\":\"WebSite\",\"@id\":\"https:\/\/datadrivnafabriken.com\/#website\",\"url\":\"https:\/\/datadrivnafabriken.com\/\",\"name\":\"Datadrivna fabriken\",\"description\":\"\",\"publisher\":{\"@id\":\"https:\/\/datadrivnafabriken.com\/#organization\"},\"potentialAction\":[{\"@type\":\"SearchAction\",\"target\":{\"@type\":\"EntryPoint\",\"urlTemplate\":\"https:\/\/datadrivnafabriken.com\/?s={search_term_string}\"},\"query-input\":{\"@type\":\"PropertyValueSpecification\",\"valueRequired\":true,\"valueName\":\"search_term_string\"}}],\"inLanguage\":\"en-US\"},{\"@type\":\"Organization\",\"@id\":\"https:\/\/datadrivnafabriken.com\/#organization\",\"name\":\"Datadrivna fabriken\",\"url\":\"https:\/\/datadrivnafabriken.com\/\",\"logo\":{\"@type\":\"ImageObject\",\"inLanguage\":\"en-US\",\"@id\":\"https:\/\/datadrivnafabriken.com\/#\/schema\/logo\/image\/\",\"url\":\"https:\/\/datadrivnafabriken.com\/wp-content\/uploads\/2024\/11\/cropped-epicalgroup_logo.jpg\",\"contentUrl\":\"https:\/\/datadrivnafabriken.com\/wp-content\/uploads\/2024\/11\/cropped-epicalgroup_logo.jpg\",\"width\":512,\"height\":512,\"caption\":\"Datadrivna fabriken\"},\"image\":{\"@id\":\"https:\/\/datadrivnafabriken.com\/#\/schema\/logo\/image\/\"}}]}<\/script>\n<!-- \/ Yoast SEO plugin. -->","yoast_head_json":{"title":"Integration - Datadrivna fabriken","description":"Integration \u00e4r nyckeln till effektivitet, f\u00f6rb\u00e4ttrad flexibilitet, b\u00e4ttre beslutsfattande och kundupplevelser.","robots":{"index":"index","follow":"follow","max-snippet":"max-snippet:-1","max-image-preview":"max-image-preview:large","max-video-preview":"max-video-preview:-1"},"canonical":"https:\/\/datadrivnafabriken.com\/en\/integration\/","og_locale":"en_US","og_type":"article","og_title":"Integration - Datadrivna fabriken","og_description":"Integration \u00e4r nyckeln till effektivitet, f\u00f6rb\u00e4ttrad flexibilitet, b\u00e4ttre beslutsfattande och kundupplevelser.","og_url":"https:\/\/datadrivnafabriken.com\/en\/integration\/","og_site_name":"Datadrivna fabriken","article_modified_time":"2025-05-02T12:16:51+00:00","og_image":[{"width":469,"height":313,"url":"https:\/\/datadrivnafabriken.com\/wp-content\/uploads\/2024\/12\/Integration-epical.jpg","type":"image\/jpeg"}],"twitter_card":"summary_large_image","twitter_misc":{"Est. reading time":"2 minutes"},"schema":{"@context":"https:\/\/schema.org","@graph":[{"@type":"WebPage","@id":"https:\/\/datadrivnafabriken.com\/integration\/","url":"https:\/\/datadrivnafabriken.com\/integration\/","name":"Integration - Datadrivna fabriken","isPartOf":{"@id":"https:\/\/datadrivnafabriken.com\/#website"},"primaryImageOfPage":{"@id":"https:\/\/datadrivnafabriken.com\/integration\/#primaryimage"},"image":{"@id":"https:\/\/datadrivnafabriken.com\/integration\/#primaryimage"},"thumbnailUrl":"https:\/\/datadrivnafabriken.com\/wp-content\/uploads\/2024\/12\/Integration-epical.jpg","datePublished":"2024-11-18T08:19:59+00:00","dateModified":"2025-05-02T12:16:51+00:00","description":"Integration \u00e4r nyckeln till effektivitet, f\u00f6rb\u00e4ttrad flexibilitet, b\u00e4ttre beslutsfattande och kundupplevelser.","breadcrumb":{"@id":"https:\/\/datadrivnafabriken.com\/integration\/#breadcrumb"},"inLanguage":"en-US","potentialAction":[{"@type":"ReadAction","target":["https:\/\/datadrivnafabriken.com\/integration\/"]}]},{"@type":"ImageObject","inLanguage":"en-US","@id":"https:\/\/datadrivnafabriken.com\/integration\/#primaryimage","url":"https:\/\/datadrivnafabriken.com\/wp-content\/uploads\/2024\/12\/Integration-epical.jpg","contentUrl":"https:\/\/datadrivnafabriken.com\/wp-content\/uploads\/2024\/12\/Integration-epical.jpg"},{"@type":"BreadcrumbList","@id":"https:\/\/datadrivnafabriken.com\/integration\/#breadcrumb","itemListElement":[{"@type":"ListItem","position":1,"name":"Hem","item":"https:\/\/datadrivnafabriken.com\/"},{"@type":"ListItem","position":2,"name":"Integration"}]},{"@type":"WebSite","@id":"https:\/\/datadrivnafabriken.com\/#website","url":"https:\/\/datadrivnafabriken.com\/","name":"Datadrivna fabriken","description":"","publisher":{"@id":"https:\/\/datadrivnafabriken.com\/#organization"},"potentialAction":[{"@type":"SearchAction","target":{"@type":"EntryPoint","urlTemplate":"https:\/\/datadrivnafabriken.com\/?s={search_term_string}"},"query-input":{"@type":"PropertyValueSpecification","valueRequired":true,"valueName":"search_term_string"}}],"inLanguage":"en-US"},{"@type":"Organization","@id":"https:\/\/datadrivnafabriken.com\/#organization","name":"Datadrivna fabriken","url":"https:\/\/datadrivnafabriken.com\/","logo":{"@type":"ImageObject","inLanguage":"en-US","@id":"https:\/\/datadrivnafabriken.com\/#\/schema\/logo\/image\/","url":"https:\/\/datadrivnafabriken.com\/wp-content\/uploads\/2024\/11\/cropped-epicalgroup_logo.jpg","contentUrl":"https:\/\/datadrivnafabriken.com\/wp-content\/uploads\/2024\/11\/cropped-epicalgroup_logo.jpg","width":512,"height":512,"caption":"Datadrivna fabriken"},"image":{"@id":"https:\/\/datadrivnafabriken.com\/#\/schema\/logo\/image\/"}}]}},"_links":{"self":[{"href":"https:\/\/datadrivnafabriken.com\/en\/wp-json\/wp\/v2\/pages\/10314","targetHints":{"allow":["GET"]}}],"collection":[{"href":"https:\/\/datadrivnafabriken.com\/en\/wp-json\/wp\/v2\/pages"}],"about":[{"href":"https:\/\/datadrivnafabriken.com\/en\/wp-json\/wp\/v2\/types\/page"}],"author":[{"embeddable":true,"href":"https:\/\/datadrivnafabriken.com\/en\/wp-json\/wp\/v2\/users\/1"}],"replies":[{"embeddable":true,"href":"https:\/\/datadrivnafabriken.com\/en\/wp-json\/wp\/v2\/comments?post=10314"}],"version-history":[{"count":82,"href":"https:\/\/datadrivnafabriken.com\/en\/wp-json\/wp\/v2\/pages\/10314\/revisions"}],"predecessor-version":[{"id":20396,"href":"https:\/\/datadrivnafabriken.com\/en\/wp-json\/wp\/v2\/pages\/10314\/revisions\/20396"}],"wp:attachment":[{"href":"https:\/\/datadrivnafabriken.com\/en\/wp-json\/wp\/v2\/media?parent=10314"}],"curies":[{"name":"wp","href":"https:\/\/api.w.org\/{rel}","templated":true}]}}