{"id":10312,"date":"2024-11-18T08:19:48","date_gmt":"2024-11-18T08:19:48","guid":{"rendered":"https:\/\/datadrivnafabriken.com\/?page_id=10312"},"modified":"2025-05-02T12:17:24","modified_gmt":"2025-05-02T12:17:24","slug":"it-sakerhet","status":"publish","type":"page","link":"https:\/\/datadrivnafabriken.com\/en\/it-sakerhet\/","title":{"rendered":"IT security"},"content":{"rendered":"<div data-elementor-type=\"wp-page\" data-elementor-id=\"10312\" class=\"elementor elementor-10312\" data-elementor-post-type=\"page\">\n\t\t\t\t<div class=\"elementor-element elementor-element-62ef9e2 e-con-full e-flex e-con e-parent\" data-id=\"62ef9e2\" data-element_type=\"container\">\n\t\t<div class=\"elementor-element elementor-element-d054949 e-con-full e-flex e-con e-child\" data-id=\"d054949\" data-element_type=\"container\">\n\t\t<div class=\"elementor-element elementor-element-7aed90a e-con-full e-flex e-con e-child\" data-id=\"7aed90a\" data-element_type=\"container\">\n\t\t<div class=\"elementor-element elementor-element-b783e83 e-con-full e-flex e-con e-child\" data-id=\"b783e83\" data-element_type=\"container\">\n\t\t<div class=\"elementor-element elementor-element-c3c99e1 e-con-full e-flex e-con e-child\" data-id=\"c3c99e1\" data-element_type=\"container\" data-settings=\"{&quot;background_background&quot;:&quot;classic&quot;}\">\n\t\t<div class=\"elementor-element elementor-element-c4d7ee8 e-flex e-con-boxed e-con e-child\" data-id=\"c4d7ee8\" data-element_type=\"container\">\n\t\t\t\t\t<div class=\"e-con-inner\">\n\t\t\t\t<div class=\"elementor-element elementor-element-7f050a1 elementor-widget elementor-widget-heading\" data-id=\"7f050a1\" data-element_type=\"widget\" data-widget_type=\"heading.default\">\n\t\t\t\t<div class=\"elementor-widget-container\">\n\t\t\t\t\t<h2 class=\"elementor-heading-title elementor-size-default\">EPICALS TJ\u00c4NSTER<\/h2>\t\t\t\t<\/div>\n\t\t\t\t<\/div>\n\t\t\t\t<div class=\"elementor-element elementor-element-7205719 elementor-widget elementor-widget-heading\" data-id=\"7205719\" data-element_type=\"widget\" data-widget_type=\"heading.default\">\n\t\t\t\t<div class=\"elementor-widget-container\">\n\t\t\t\t\t<h1 class=\"elementor-heading-title elementor-size-default\">IT security<\/h1>\t\t\t\t<\/div>\n\t\t\t\t<\/div>\n\t\t\t\t\t<\/div>\n\t\t\t\t<\/div>\n\t\t\t\t<\/div>\n\t\t\t\t<\/div>\n\t\t\t\t<\/div>\n\t\t\t\t<\/div>\n\t\t\t\t<\/div>\n\t\t<div class=\"elementor-element elementor-element-0257739 e-flex e-con-boxed e-con e-parent\" data-id=\"0257739\" data-element_type=\"container\">\n\t\t\t\t\t<div class=\"e-con-inner\">\n\t\t<div class=\"elementor-element elementor-element-399778c e-con-full e-flex e-con e-child\" data-id=\"399778c\" data-element_type=\"container\">\n\t\t\t\t<div class=\"elementor-element elementor-element-3b2772b elementor-widget elementor-widget-spacer\" data-id=\"3b2772b\" data-element_type=\"widget\" data-widget_type=\"spacer.default\">\n\t\t\t\t<div class=\"elementor-widget-container\">\n\t\t\t\t\t\t\t<div class=\"elementor-spacer\">\n\t\t\t<div class=\"elementor-spacer-inner\"><\/div>\n\t\t<\/div>\n\t\t\t\t\t\t<\/div>\n\t\t\t\t<\/div>\n\t\t\t\t<\/div>\n\t\t\t\t\t<\/div>\n\t\t\t\t<\/div>\n\t\t<div class=\"elementor-element elementor-element-deab6c8 e-flex e-con-boxed e-con e-parent\" data-id=\"deab6c8\" data-element_type=\"container\">\n\t\t\t\t\t<div class=\"e-con-inner\">\n\t\t<div class=\"elementor-element elementor-element-dcc32fb e-con-full e-flex e-con e-child\" data-id=\"dcc32fb\" data-element_type=\"container\">\n\t\t<div class=\"elementor-element elementor-element-52f036a e-con-full e-flex e-con e-child\" data-id=\"52f036a\" data-element_type=\"container\">\n\t\t<div class=\"elementor-element elementor-element-d5c546b e-con-full e-flex e-con e-child\" data-id=\"d5c546b\" data-element_type=\"container\">\n\t\t\t\t<div class=\"elementor-element elementor-element-6a582bd Visible_paths  elementor-widget elementor-widget-breadcrumbs\" data-id=\"6a582bd\" data-element_type=\"widget\" data-widget_type=\"breadcrumbs.default\">\n\t\t\t\t<div class=\"elementor-widget-container\">\n\t\t\t\t\t<p id=\"breadcrumbs\"><span><span><a href=\"https:\/\/datadrivnafabriken.com\/en\/\">Home<\/a><\/span><\/span><\/p>\t\t\t\t<\/div>\n\t\t\t\t<\/div>\n\t\t\t\t<div class=\"elementor-element elementor-element-1b17594 elementor-widget elementor-widget-spacer\" data-id=\"1b17594\" data-element_type=\"widget\" data-widget_type=\"spacer.default\">\n\t\t\t\t<div class=\"elementor-widget-container\">\n\t\t\t\t\t\t\t<div class=\"elementor-spacer\">\n\t\t\t<div class=\"elementor-spacer-inner\"><\/div>\n\t\t<\/div>\n\t\t\t\t\t\t<\/div>\n\t\t\t\t<\/div>\n\t\t\t\t<\/div>\n\t\t\t\t<\/div>\n\t\t\t\t<\/div>\n\t\t\t\t\t<\/div>\n\t\t\t\t<\/div>\n\t\t<div class=\"elementor-element elementor-element-cdee1c3 e-flex e-con-boxed e-con e-parent\" data-id=\"cdee1c3\" data-element_type=\"container\">\n\t\t\t\t\t<div class=\"e-con-inner\">\n\t\t<div class=\"elementor-element elementor-element-4d953a1 e-con-full e-flex e-con e-child\" data-id=\"4d953a1\" data-element_type=\"container\">\n\t\t\t\t<div class=\"elementor-element elementor-element-a7f34f3 elementor-widget elementor-widget-heading\" data-id=\"a7f34f3\" data-element_type=\"widget\" data-widget_type=\"heading.default\">\n\t\t\t\t<div class=\"elementor-widget-container\">\n\t\t\t\t\t<h2 class=\"elementor-heading-title elementor-size-default\">Ensure Your Digital Security with a Focus on IT Security<\/h2>\t\t\t\t<\/div>\n\t\t\t\t<\/div>\n\t\t\t\t<div class=\"elementor-element elementor-element-1fc855e elementor-hidden-desktop elementor-hidden-tablet elementor-widget elementor-widget-image\" data-id=\"1fc855e\" data-element_type=\"widget\" data-widget_type=\"image.default\">\n\t\t\t\t<div class=\"elementor-widget-container\">\n\t\t\t\t\t\t\t\t\t\t\t\t\t\t\t<img fetchpriority=\"high\" decoding=\"async\" width=\"469\" height=\"313\" src=\"https:\/\/datadrivnafabriken.com\/wp-content\/uploads\/2024\/12\/Digital-trust.jpg\" class=\"attachment-large size-large wp-image-18338\" alt=\"En bild p\u00e5 en tjej som sitter bakom en dator och jobbar med IT-s\u00e4kerhet\" srcset=\"https:\/\/datadrivnafabriken.com\/wp-content\/uploads\/2024\/12\/Digital-trust.jpg 469w, https:\/\/datadrivnafabriken.com\/wp-content\/uploads\/2024\/12\/Digital-trust-300x200.jpg 300w\" sizes=\"(max-width: 469px) 100vw, 469px\" \/>\t\t\t\t\t\t\t\t\t\t\t\t\t\t\t<\/div>\n\t\t\t\t<\/div>\n\t\t\t\t<div class=\"elementor-element elementor-element-818e5c4 elementor-widget elementor-widget-text-editor\" data-id=\"818e5c4\" data-element_type=\"widget\" data-widget_type=\"text-editor.default\">\n\t\t\t\t<div class=\"elementor-widget-container\">\n\t\t\t\t\t\t\t\t\t<p>Crucial for Several Reasons:<\/p>\t\t\t\t\t\t\t\t<\/div>\n\t\t\t\t<\/div>\n\t\t\t\t<div class=\"elementor-element elementor-element-62f6ec0 elementor-widget elementor-widget-text-editor\" data-id=\"62f6ec0\" data-element_type=\"widget\" data-widget_type=\"text-editor.default\">\n\t\t\t\t<div class=\"elementor-widget-container\">\n\t\t\t\t\t\t\t\t\t<ol>\n \t<li><strong>Protection of sensitive information:<\/strong> Helps protect sensitive information, such as personal data and financial information, from falling into the wrong hands.<\/li><br>\n \t<li><strong>Prevention of cyberattacks:<\/strong> By implementing strong security measures, companies and organizations can reduce the risk of cyberattacks, such as ransomware and phishing<\/li><br>\n \t<li><strong>Compliance with laws and regulations:<\/strong> Many industries have strict regulations and laws regarding data protection. IT security helps companies comply with these requirements and avoid legal issues<\/li><br>\n \t<li><strong>Protection of company reputation:<\/strong> A data breach can seriously damage a company's reputation. By having robust security measures in place, companies can protect their reputation and maintain customer trust<\/li><br>\n \t<li><strong>Business continuity:<\/strong> Ensuring that companies can continue their operations without interruption, even if they are exposed to cyber threats.<\/li>\n<\/ol>\t\t\t\t\t\t\t\t<\/div>\n\t\t\t\t<\/div>\n\t\t\t\t<div class=\"elementor-element elementor-element-a6d9e30 elementor-widget elementor-widget-text-editor\" data-id=\"a6d9e30\" data-element_type=\"widget\" data-widget_type=\"text-editor.default\">\n\t\t\t\t<div class=\"elementor-widget-container\">\n\t\t\t\t\t\t\t\t\t<p>In the IBM Maximo Application Suite, IBM's data security is integrated into the solution and designed to meet various market demands and challenges.<\/p>\t\t\t\t\t\t\t\t<\/div>\n\t\t\t\t<\/div>\n\t\t\t\t<div class=\"elementor-element elementor-element-1327c39 elementor-widget elementor-widget-text-editor\" data-id=\"1327c39\" data-element_type=\"widget\" data-widget_type=\"text-editor.default\">\n\t\t\t\t<div class=\"elementor-widget-container\">\n\t\t\t\t\t\t\t\t\t<p><span style=\"text-decoration: underline; color: #f04800;\"><a style=\"color: #f04800;\" href=\"https:\/\/www.epicalgroup.com\/services\/digital-trust\" target=\"_blank\" rel=\"noopener\"><span class=\"hover_link_external\">Learn more about various IT security offerings from Epical \u2192 <\/span><\/a><\/span><\/p>\t\t\t\t\t\t\t\t<\/div>\n\t\t\t\t<\/div>\n\t\t\t\t<\/div>\n\t\t<div class=\"elementor-element elementor-element-6de0c1d e-con-full elementor-hidden-mobile e-flex e-con e-child\" data-id=\"6de0c1d\" data-element_type=\"container\">\n\t\t\t\t<div class=\"elementor-element elementor-element-eea541e elementor-widget elementor-widget-image\" data-id=\"eea541e\" data-element_type=\"widget\" data-widget_type=\"image.default\">\n\t\t\t\t<div class=\"elementor-widget-container\">\n\t\t\t\t\t\t\t\t\t\t\t\t\t\t\t<img fetchpriority=\"high\" decoding=\"async\" width=\"469\" height=\"313\" src=\"https:\/\/datadrivnafabriken.com\/wp-content\/uploads\/2024\/12\/Digital-trust.jpg\" class=\"attachment-large size-large wp-image-18338\" alt=\"En bild p\u00e5 en tjej som sitter bakom en dator och jobbar med IT-s\u00e4kerhet\" srcset=\"https:\/\/datadrivnafabriken.com\/wp-content\/uploads\/2024\/12\/Digital-trust.jpg 469w, https:\/\/datadrivnafabriken.com\/wp-content\/uploads\/2024\/12\/Digital-trust-300x200.jpg 300w\" sizes=\"(max-width: 469px) 100vw, 469px\" \/>\t\t\t\t\t\t\t\t\t\t\t\t\t\t\t<\/div>\n\t\t\t\t<\/div>\n\t\t\t\t<\/div>\n\t\t\t\t\t<\/div>\n\t\t\t\t<\/div>\n\t\t<div class=\"elementor-element elementor-element-1204be0 e-flex e-con-boxed e-con e-parent\" data-id=\"1204be0\" data-element_type=\"container\">\n\t\t\t\t\t<div class=\"e-con-inner\">\n\t\t\t\t<div class=\"elementor-element elementor-element-9f5dc89 elementor-widget elementor-widget-spacer\" data-id=\"9f5dc89\" data-element_type=\"widget\" data-widget_type=\"spacer.default\">\n\t\t\t\t<div class=\"elementor-widget-container\">\n\t\t\t\t\t\t\t<div class=\"elementor-spacer\">\n\t\t\t<div class=\"elementor-spacer-inner\"><\/div>\n\t\t<\/div>\n\t\t\t\t\t\t<\/div>\n\t\t\t\t<\/div>\n\t\t\t\t\t<\/div>\n\t\t\t\t<\/div>\n\t\t\t\t<\/div>","protected":false},"excerpt":{"rendered":"<p>EPICALS TJ\u00c4NSTER IT-s\u00e4kerhet S\u00e4kerst\u00e4ll din digitala trygghet med IT-s\u00e4kerhet i fokus Avg\u00f6rande av flera sk\u00e4l: Skydd av k\u00e4nslig information: Hj\u00e4lper [&hellip;]<\/p>","protected":false},"author":1,"featured_media":0,"parent":0,"menu_order":0,"comment_status":"closed","ping_status":"closed","template":"","meta":{"content-type":"","site-sidebar-layout":"no-sidebar","site-content-layout":"","ast-site-content-layout":"full-width-container","site-content-style":"default","site-sidebar-style":"default","ast-global-header-display":"","ast-banner-title-visibility":"","ast-main-header-display":"","ast-hfb-above-header-display":"","ast-hfb-below-header-display":"","ast-hfb-mobile-header-display":"","site-post-title":"disabled","ast-breadcrumbs-content":"","ast-featured-img":"disabled","footer-sml-layout":"","theme-transparent-header-meta":"","adv-header-id-meta":"","stick-header-meta":"","header-above-stick-meta":"","header-main-stick-meta":"","header-below-stick-meta":"","astra-migrate-meta-layouts":"default","ast-page-background-enabled":"default","ast-page-background-meta":{"desktop":{"background-color":"var(--ast-global-color-4)","background-image":"","background-repeat":"repeat","background-position":"center center","background-size":"auto","background-attachment":"scroll","background-type":"","background-media":"","overlay-type":"","overlay-color":"","overlay-opacity":"","overlay-gradient":""},"tablet":{"background-color":"","background-image":"","background-repeat":"repeat","background-position":"center center","background-size":"auto","background-attachment":"scroll","background-type":"","background-media":"","overlay-type":"","overlay-color":"","overlay-opacity":"","overlay-gradient":""},"mobile":{"background-color":"","background-image":"","background-repeat":"repeat","background-position":"center center","background-size":"auto","background-attachment":"scroll","background-type":"","background-media":"","overlay-type":"","overlay-color":"","overlay-opacity":"","overlay-gradient":""}},"ast-content-background-meta":{"desktop":{"background-color":"var(--ast-global-color-5)","background-image":"","background-repeat":"repeat","background-position":"center center","background-size":"auto","background-attachment":"scroll","background-type":"","background-media":"","overlay-type":"","overlay-color":"","overlay-opacity":"","overlay-gradient":""},"tablet":{"background-color":"var(--ast-global-color-5)","background-image":"","background-repeat":"repeat","background-position":"center center","background-size":"auto","background-attachment":"scroll","background-type":"","background-media":"","overlay-type":"","overlay-color":"","overlay-opacity":"","overlay-gradient":""},"mobile":{"background-color":"var(--ast-global-color-5)","background-image":"","background-repeat":"repeat","background-position":"center center","background-size":"auto","background-attachment":"scroll","background-type":"","background-media":"","overlay-type":"","overlay-color":"","overlay-opacity":"","overlay-gradient":""}},"footnotes":""},"class_list":["post-10312","page","type-page","status-publish","hentry"],"yoast_head":"<!-- This site is optimized with the Yoast SEO plugin v26.6 - https:\/\/yoast.com\/wordpress\/plugins\/seo\/ -->\n<title>IT-s\u00e4kerhet - Datadrivna fabriken<\/title>\n<meta name=\"description\" content=\"Skydda din verksamhet med effektiv IT-s\u00e4kerhet. F\u00f6rebygg cyberattacker, s\u00e4kerst\u00e4ll efterlevnad av regler och skydda k\u00e4nslig information.\" \/>\n<meta name=\"robots\" content=\"index, follow, max-snippet:-1, max-image-preview:large, max-video-preview:-1\" \/>\n<link rel=\"canonical\" href=\"https:\/\/datadrivnafabriken.com\/en\/it-sakerhet\/\" \/>\n<meta property=\"og:locale\" content=\"en_US\" \/>\n<meta property=\"og:type\" content=\"article\" \/>\n<meta property=\"og:title\" content=\"IT-s\u00e4kerhet - Datadrivna fabriken\" \/>\n<meta property=\"og:description\" content=\"Skydda din verksamhet med effektiv IT-s\u00e4kerhet. F\u00f6rebygg cyberattacker, s\u00e4kerst\u00e4ll efterlevnad av regler och skydda k\u00e4nslig information.\" \/>\n<meta property=\"og:url\" content=\"https:\/\/datadrivnafabriken.com\/en\/it-sakerhet\/\" \/>\n<meta property=\"og:site_name\" content=\"Datadrivna fabriken\" \/>\n<meta property=\"article:modified_time\" content=\"2025-05-02T12:17:24+00:00\" \/>\n<meta property=\"og:image\" content=\"https:\/\/datadrivnafabriken.com\/wp-content\/uploads\/2024\/12\/Digital-trust.jpg\" \/>\n\t<meta property=\"og:image:width\" content=\"469\" \/>\n\t<meta property=\"og:image:height\" content=\"313\" \/>\n\t<meta property=\"og:image:type\" content=\"image\/jpeg\" \/>\n<meta name=\"twitter:card\" content=\"summary_large_image\" \/>\n<script type=\"application\/ld+json\" class=\"yoast-schema-graph\">{\"@context\":\"https:\/\/schema.org\",\"@graph\":[{\"@type\":\"WebPage\",\"@id\":\"https:\/\/datadrivnafabriken.com\/it-sakerhet\/\",\"url\":\"https:\/\/datadrivnafabriken.com\/it-sakerhet\/\",\"name\":\"IT-s\u00e4kerhet - Datadrivna fabriken\",\"isPartOf\":{\"@id\":\"https:\/\/datadrivnafabriken.com\/#website\"},\"primaryImageOfPage\":{\"@id\":\"https:\/\/datadrivnafabriken.com\/it-sakerhet\/#primaryimage\"},\"image\":{\"@id\":\"https:\/\/datadrivnafabriken.com\/it-sakerhet\/#primaryimage\"},\"thumbnailUrl\":\"https:\/\/datadrivnafabriken.com\/wp-content\/uploads\/2024\/12\/Digital-trust.jpg\",\"datePublished\":\"2024-11-18T08:19:48+00:00\",\"dateModified\":\"2025-05-02T12:17:24+00:00\",\"description\":\"Skydda din verksamhet med effektiv IT-s\u00e4kerhet. F\u00f6rebygg cyberattacker, s\u00e4kerst\u00e4ll efterlevnad av regler och skydda k\u00e4nslig information.\",\"breadcrumb\":{\"@id\":\"https:\/\/datadrivnafabriken.com\/it-sakerhet\/#breadcrumb\"},\"inLanguage\":\"en-US\",\"potentialAction\":[{\"@type\":\"ReadAction\",\"target\":[\"https:\/\/datadrivnafabriken.com\/it-sakerhet\/\"]}]},{\"@type\":\"ImageObject\",\"inLanguage\":\"en-US\",\"@id\":\"https:\/\/datadrivnafabriken.com\/it-sakerhet\/#primaryimage\",\"url\":\"https:\/\/datadrivnafabriken.com\/wp-content\/uploads\/2024\/12\/Digital-trust.jpg\",\"contentUrl\":\"https:\/\/datadrivnafabriken.com\/wp-content\/uploads\/2024\/12\/Digital-trust.jpg\"},{\"@type\":\"BreadcrumbList\",\"@id\":\"https:\/\/datadrivnafabriken.com\/it-sakerhet\/#breadcrumb\",\"itemListElement\":[{\"@type\":\"ListItem\",\"position\":1,\"name\":\"Hem\",\"item\":\"https:\/\/datadrivnafabriken.com\/\"},{\"@type\":\"ListItem\",\"position\":2,\"name\":\"IT-s\u00e4kerhet\"}]},{\"@type\":\"WebSite\",\"@id\":\"https:\/\/datadrivnafabriken.com\/#website\",\"url\":\"https:\/\/datadrivnafabriken.com\/\",\"name\":\"Datadrivna fabriken\",\"description\":\"\",\"publisher\":{\"@id\":\"https:\/\/datadrivnafabriken.com\/#organization\"},\"potentialAction\":[{\"@type\":\"SearchAction\",\"target\":{\"@type\":\"EntryPoint\",\"urlTemplate\":\"https:\/\/datadrivnafabriken.com\/?s={search_term_string}\"},\"query-input\":{\"@type\":\"PropertyValueSpecification\",\"valueRequired\":true,\"valueName\":\"search_term_string\"}}],\"inLanguage\":\"en-US\"},{\"@type\":\"Organization\",\"@id\":\"https:\/\/datadrivnafabriken.com\/#organization\",\"name\":\"Datadrivna fabriken\",\"url\":\"https:\/\/datadrivnafabriken.com\/\",\"logo\":{\"@type\":\"ImageObject\",\"inLanguage\":\"en-US\",\"@id\":\"https:\/\/datadrivnafabriken.com\/#\/schema\/logo\/image\/\",\"url\":\"https:\/\/datadrivnafabriken.com\/wp-content\/uploads\/2024\/11\/cropped-epicalgroup_logo.jpg\",\"contentUrl\":\"https:\/\/datadrivnafabriken.com\/wp-content\/uploads\/2024\/11\/cropped-epicalgroup_logo.jpg\",\"width\":512,\"height\":512,\"caption\":\"Datadrivna fabriken\"},\"image\":{\"@id\":\"https:\/\/datadrivnafabriken.com\/#\/schema\/logo\/image\/\"}}]}<\/script>\n<!-- \/ Yoast SEO plugin. -->","yoast_head_json":{"title":"IT-s\u00e4kerhet - Datadrivna fabriken","description":"Skydda din verksamhet med effektiv IT-s\u00e4kerhet. F\u00f6rebygg cyberattacker, s\u00e4kerst\u00e4ll efterlevnad av regler och skydda k\u00e4nslig information.","robots":{"index":"index","follow":"follow","max-snippet":"max-snippet:-1","max-image-preview":"max-image-preview:large","max-video-preview":"max-video-preview:-1"},"canonical":"https:\/\/datadrivnafabriken.com\/en\/it-sakerhet\/","og_locale":"en_US","og_type":"article","og_title":"IT-s\u00e4kerhet - Datadrivna fabriken","og_description":"Skydda din verksamhet med effektiv IT-s\u00e4kerhet. F\u00f6rebygg cyberattacker, s\u00e4kerst\u00e4ll efterlevnad av regler och skydda k\u00e4nslig information.","og_url":"https:\/\/datadrivnafabriken.com\/en\/it-sakerhet\/","og_site_name":"Datadrivna fabriken","article_modified_time":"2025-05-02T12:17:24+00:00","og_image":[{"width":469,"height":313,"url":"https:\/\/datadrivnafabriken.com\/wp-content\/uploads\/2024\/12\/Digital-trust.jpg","type":"image\/jpeg"}],"twitter_card":"summary_large_image","schema":{"@context":"https:\/\/schema.org","@graph":[{"@type":"WebPage","@id":"https:\/\/datadrivnafabriken.com\/it-sakerhet\/","url":"https:\/\/datadrivnafabriken.com\/it-sakerhet\/","name":"IT-s\u00e4kerhet - Datadrivna fabriken","isPartOf":{"@id":"https:\/\/datadrivnafabriken.com\/#website"},"primaryImageOfPage":{"@id":"https:\/\/datadrivnafabriken.com\/it-sakerhet\/#primaryimage"},"image":{"@id":"https:\/\/datadrivnafabriken.com\/it-sakerhet\/#primaryimage"},"thumbnailUrl":"https:\/\/datadrivnafabriken.com\/wp-content\/uploads\/2024\/12\/Digital-trust.jpg","datePublished":"2024-11-18T08:19:48+00:00","dateModified":"2025-05-02T12:17:24+00:00","description":"Skydda din verksamhet med effektiv IT-s\u00e4kerhet. F\u00f6rebygg cyberattacker, s\u00e4kerst\u00e4ll efterlevnad av regler och skydda k\u00e4nslig information.","breadcrumb":{"@id":"https:\/\/datadrivnafabriken.com\/it-sakerhet\/#breadcrumb"},"inLanguage":"en-US","potentialAction":[{"@type":"ReadAction","target":["https:\/\/datadrivnafabriken.com\/it-sakerhet\/"]}]},{"@type":"ImageObject","inLanguage":"en-US","@id":"https:\/\/datadrivnafabriken.com\/it-sakerhet\/#primaryimage","url":"https:\/\/datadrivnafabriken.com\/wp-content\/uploads\/2024\/12\/Digital-trust.jpg","contentUrl":"https:\/\/datadrivnafabriken.com\/wp-content\/uploads\/2024\/12\/Digital-trust.jpg"},{"@type":"BreadcrumbList","@id":"https:\/\/datadrivnafabriken.com\/it-sakerhet\/#breadcrumb","itemListElement":[{"@type":"ListItem","position":1,"name":"Hem","item":"https:\/\/datadrivnafabriken.com\/"},{"@type":"ListItem","position":2,"name":"IT-s\u00e4kerhet"}]},{"@type":"WebSite","@id":"https:\/\/datadrivnafabriken.com\/#website","url":"https:\/\/datadrivnafabriken.com\/","name":"Datadrivna fabriken","description":"","publisher":{"@id":"https:\/\/datadrivnafabriken.com\/#organization"},"potentialAction":[{"@type":"SearchAction","target":{"@type":"EntryPoint","urlTemplate":"https:\/\/datadrivnafabriken.com\/?s={search_term_string}"},"query-input":{"@type":"PropertyValueSpecification","valueRequired":true,"valueName":"search_term_string"}}],"inLanguage":"en-US"},{"@type":"Organization","@id":"https:\/\/datadrivnafabriken.com\/#organization","name":"Datadrivna fabriken","url":"https:\/\/datadrivnafabriken.com\/","logo":{"@type":"ImageObject","inLanguage":"en-US","@id":"https:\/\/datadrivnafabriken.com\/#\/schema\/logo\/image\/","url":"https:\/\/datadrivnafabriken.com\/wp-content\/uploads\/2024\/11\/cropped-epicalgroup_logo.jpg","contentUrl":"https:\/\/datadrivnafabriken.com\/wp-content\/uploads\/2024\/11\/cropped-epicalgroup_logo.jpg","width":512,"height":512,"caption":"Datadrivna fabriken"},"image":{"@id":"https:\/\/datadrivnafabriken.com\/#\/schema\/logo\/image\/"}}]}},"_links":{"self":[{"href":"https:\/\/datadrivnafabriken.com\/en\/wp-json\/wp\/v2\/pages\/10312","targetHints":{"allow":["GET"]}}],"collection":[{"href":"https:\/\/datadrivnafabriken.com\/en\/wp-json\/wp\/v2\/pages"}],"about":[{"href":"https:\/\/datadrivnafabriken.com\/en\/wp-json\/wp\/v2\/types\/page"}],"author":[{"embeddable":true,"href":"https:\/\/datadrivnafabriken.com\/en\/wp-json\/wp\/v2\/users\/1"}],"replies":[{"embeddable":true,"href":"https:\/\/datadrivnafabriken.com\/en\/wp-json\/wp\/v2\/comments?post=10312"}],"version-history":[{"count":85,"href":"https:\/\/datadrivnafabriken.com\/en\/wp-json\/wp\/v2\/pages\/10312\/revisions"}],"predecessor-version":[{"id":20402,"href":"https:\/\/datadrivnafabriken.com\/en\/wp-json\/wp\/v2\/pages\/10312\/revisions\/20402"}],"wp:attachment":[{"href":"https:\/\/datadrivnafabriken.com\/en\/wp-json\/wp\/v2\/media?parent=10312"}],"curies":[{"name":"wp","href":"https:\/\/api.w.org\/{rel}","templated":true}]}}