{"id":10304,"date":"2024-11-18T08:19:08","date_gmt":"2024-11-18T08:19:08","guid":{"rendered":"https:\/\/datadrivnafabriken.com\/?page_id=10304"},"modified":"2025-05-02T12:13:22","modified_gmt":"2025-05-02T12:13:22","slug":"ai","status":"publish","type":"page","link":"https:\/\/datadrivnafabriken.com\/en\/ai\/","title":{"rendered":"AI"},"content":{"rendered":"<div data-elementor-type=\"wp-page\" data-elementor-id=\"10304\" class=\"elementor elementor-10304\" data-elementor-post-type=\"page\">\n\t\t\t\t<div class=\"elementor-element elementor-element-c4ac68a e-con-full e-flex e-con e-parent\" data-id=\"c4ac68a\" data-element_type=\"container\">\n\t\t<div class=\"elementor-element elementor-element-10df063 e-con-full e-flex e-con e-child\" data-id=\"10df063\" data-element_type=\"container\">\n\t\t<div class=\"elementor-element elementor-element-61a80f7 e-con-full e-flex e-con e-child\" data-id=\"61a80f7\" data-element_type=\"container\">\n\t\t<div class=\"elementor-element elementor-element-a7f5c7a e-con-full e-flex e-con e-child\" data-id=\"a7f5c7a\" data-element_type=\"container\" data-settings=\"{&quot;background_background&quot;:&quot;classic&quot;}\">\n\t\t<div class=\"elementor-element elementor-element-94f80e3 e-flex e-con-boxed e-con e-child\" data-id=\"94f80e3\" data-element_type=\"container\">\n\t\t\t\t\t<div class=\"e-con-inner\">\n\t\t\t\t<div class=\"elementor-element elementor-element-9dc612b elementor-widget elementor-widget-heading\" data-id=\"9dc612b\" data-element_type=\"widget\" data-widget_type=\"heading.default\">\n\t\t\t\t<div class=\"elementor-widget-container\">\n\t\t\t\t\t<h2 class=\"elementor-heading-title elementor-size-default\">EPICALS TJ\u00c4NSTER<\/h2>\t\t\t\t<\/div>\n\t\t\t\t<\/div>\n\t\t\t\t<div class=\"elementor-element elementor-element-02aecc7 elementor-widget elementor-widget-heading\" data-id=\"02aecc7\" data-element_type=\"widget\" data-widget_type=\"heading.default\">\n\t\t\t\t<div class=\"elementor-widget-container\">\n\t\t\t\t\t<h1 class=\"elementor-heading-title elementor-size-default\">AI<\/h1>\t\t\t\t<\/div>\n\t\t\t\t<\/div>\n\t\t\t\t\t<\/div>\n\t\t\t\t<\/div>\n\t\t\t\t<\/div>\n\t\t\t\t<\/div>\n\t\t\t\t<\/div>\n\t\t\t\t<\/div>\n\t\t<div class=\"elementor-element elementor-element-7eaef4c e-flex e-con-boxed e-con e-parent\" data-id=\"7eaef4c\" data-element_type=\"container\">\n\t\t\t\t\t<div class=\"e-con-inner\">\n\t\t<div class=\"elementor-element elementor-element-3f0f706 e-con-full e-flex e-con e-child\" data-id=\"3f0f706\" data-element_type=\"container\">\n\t\t\t\t<div class=\"elementor-element elementor-element-deec632 elementor-widget elementor-widget-spacer\" data-id=\"deec632\" data-element_type=\"widget\" data-widget_type=\"spacer.default\">\n\t\t\t\t<div class=\"elementor-widget-container\">\n\t\t\t\t\t\t\t<div class=\"elementor-spacer\">\n\t\t\t<div class=\"elementor-spacer-inner\"><\/div>\n\t\t<\/div>\n\t\t\t\t\t\t<\/div>\n\t\t\t\t<\/div>\n\t\t\t\t<\/div>\n\t\t\t\t\t<\/div>\n\t\t\t\t<\/div>\n\t\t<div class=\"elementor-element elementor-element-298be99 e-con-full e-flex e-con e-parent\" data-id=\"298be99\" data-element_type=\"container\">\n\t\t<div class=\"elementor-element elementor-element-e69eeb6 e-flex e-con-boxed e-con e-child\" data-id=\"e69eeb6\" data-element_type=\"container\">\n\t\t\t\t\t<div class=\"e-con-inner\">\n\t\t\t\t<div class=\"elementor-element elementor-element-5504599 Visible_paths elementor-widget elementor-widget-breadcrumbs\" data-id=\"5504599\" data-element_type=\"widget\" data-widget_type=\"breadcrumbs.default\">\n\t\t\t\t<div class=\"elementor-widget-container\">\n\t\t\t\t\t<p id=\"breadcrumbs\"><span><span><a href=\"https:\/\/datadrivnafabriken.com\/en\/\">Home<\/a><\/span><\/span><\/p>\t\t\t\t<\/div>\n\t\t\t\t<\/div>\n\t\t\t\t<div class=\"elementor-element elementor-element-4a257ff elementor-widget elementor-widget-spacer\" data-id=\"4a257ff\" data-element_type=\"widget\" data-widget_type=\"spacer.default\">\n\t\t\t\t<div class=\"elementor-widget-container\">\n\t\t\t\t\t\t\t<div class=\"elementor-spacer\">\n\t\t\t<div class=\"elementor-spacer-inner\"><\/div>\n\t\t<\/div>\n\t\t\t\t\t\t<\/div>\n\t\t\t\t<\/div>\n\t\t\t\t\t<\/div>\n\t\t\t\t<\/div>\n\t\t\t\t<\/div>\n\t\t<div class=\"elementor-element elementor-element-8317aff e-con-full e-flex e-con e-parent\" data-id=\"8317aff\" data-element_type=\"container\">\n\t\t<div class=\"elementor-element elementor-element-e1d1597 e-flex e-con-boxed e-con e-child\" data-id=\"e1d1597\" data-element_type=\"container\">\n\t\t\t\t\t<div class=\"e-con-inner\">\n\t\t<div class=\"elementor-element elementor-element-7928548 e-flex e-con-boxed e-con e-child\" data-id=\"7928548\" data-element_type=\"container\">\n\t\t\t\t\t<div class=\"e-con-inner\">\n\t\t<div class=\"elementor-element elementor-element-c36ae4b e-flex e-con-boxed e-con e-child\" data-id=\"c36ae4b\" data-element_type=\"container\">\n\t\t\t\t\t<div class=\"e-con-inner\">\n\t\t<div class=\"elementor-element elementor-element-d4f304d e-flex e-con-boxed e-con e-child\" data-id=\"d4f304d\" data-element_type=\"container\">\n\t\t\t\t\t<div class=\"e-con-inner\">\n\t\t<div class=\"elementor-element elementor-element-8b3ba33 e-con-full e-flex e-con e-child\" data-id=\"8b3ba33\" data-element_type=\"container\">\n\t\t\t\t<div class=\"elementor-element elementor-element-840055b elementor-widget elementor-widget-heading\" data-id=\"840055b\" data-element_type=\"widget\" data-widget_type=\"heading.default\">\n\t\t\t\t<div class=\"elementor-widget-container\">\n\t\t\t\t\t<h2 class=\"elementor-heading-title elementor-size-default\">Harness the Power of AI<\/h2>\t\t\t\t<\/div>\n\t\t\t\t<\/div>\n\t\t\t\t<div class=\"elementor-element elementor-element-aa17e5b elementor-hidden-desktop elementor-hidden-tablet elementor-widget elementor-widget-image\" data-id=\"aa17e5b\" data-element_type=\"widget\" data-widget_type=\"image.default\">\n\t\t\t\t<div class=\"elementor-widget-container\">\n\t\t\t\t\t\t\t\t\t\t\t\t\t\t\t<img fetchpriority=\"high\" decoding=\"async\" width=\"435\" height=\"313\" src=\"https:\/\/datadrivnafabriken.com\/wp-content\/uploads\/2024\/12\/AI-Epical.jpg\" class=\"attachment-large size-large wp-image-18351\" alt=\"En bild som visar en hand p\u00e5 en robot som ska symbolisera AI\" srcset=\"https:\/\/datadrivnafabriken.com\/wp-content\/uploads\/2024\/12\/AI-Epical.jpg 435w, https:\/\/datadrivnafabriken.com\/wp-content\/uploads\/2024\/12\/AI-Epical-300x216.jpg 300w\" sizes=\"(max-width: 435px) 100vw, 435px\" \/>\t\t\t\t\t\t\t\t\t\t\t\t\t\t\t<\/div>\n\t\t\t\t<\/div>\n\t\t\t\t<div class=\"elementor-element elementor-element-171a623 elementor-widget elementor-widget-text-editor\" data-id=\"171a623\" data-element_type=\"widget\" data-widget_type=\"text-editor.default\">\n\t\t\t\t<div class=\"elementor-widget-container\">\n\t\t\t\t\t\t\t\t\t<p>Artificial intelligence (AI) has become a central part of many aspects of our lives and societies. Here are some reasons why AI is so important:<\/p>\t\t\t\t\t\t\t\t<\/div>\n\t\t\t\t<\/div>\n\t\t\t\t<div class=\"elementor-element elementor-element-1942ff1 elementor-widget elementor-widget-text-editor\" data-id=\"1942ff1\" data-element_type=\"widget\" data-widget_type=\"text-editor.default\">\n\t\t\t\t<div class=\"elementor-widget-container\">\n\t\t\t\t\t\t\t\t\t<ol>\n \t<li><strong>Automation and efficiency:<\/strong> AI can automate repetitive and time-consuming tasks, freeing up time for people to focus on more complex and creative tasks.<\/li><br>\n \t<li><strong>Improved decision-making:<\/strong> By analyzing large amounts of data, AI can help make more informed and precise decisions.<\/li><br>\n \t<li><strong>Personalization:<\/strong> AI is used to create more personalized experiences, such as through recommendation systems on streaming services and e-commerce platforms.<\/li><br>\n \t<li><strong>Innovation and new opportunities:<\/strong> AI drives innovation in many areas, including medicine, transportation, and environmental protection.<\/li><br>\n \t<li><strong>Improved security:<\/strong> AI can be used to improve security, for example through surveillance systems and cybersecurity solutions.<\/li>\n<\/ol>\t\t\t\t\t\t\t\t<\/div>\n\t\t\t\t<\/div>\n\t\t\t\t<div class=\"elementor-element elementor-element-1f797cd elementor-widget elementor-widget-text-editor\" data-id=\"1f797cd\" data-element_type=\"widget\" data-widget_type=\"text-editor.default\">\n\t\t\t\t<div class=\"elementor-widget-container\">\n\t\t\t\t\t\t\t\t\t<p>Within the IBM Maximo Application Suite, IBM's AI engine Watson is integrated into various applications in the suite. We harness the power of AI and apply its support to various best practice processes and roles within Enterprise Asset Management.<\/p>\t\t\t\t\t\t\t\t<\/div>\n\t\t\t\t<\/div>\n\t\t\t\t<\/div>\n\t\t<div class=\"elementor-element elementor-element-296d944 e-con-full elementor-hidden-mobile e-flex e-con e-child\" data-id=\"296d944\" data-element_type=\"container\">\n\t\t\t\t<div class=\"elementor-element elementor-element-9de1df5 elementor-widget elementor-widget-image\" data-id=\"9de1df5\" data-element_type=\"widget\" data-widget_type=\"image.default\">\n\t\t\t\t<div class=\"elementor-widget-container\">\n\t\t\t\t\t\t\t\t\t\t\t\t\t\t\t<img fetchpriority=\"high\" decoding=\"async\" width=\"435\" height=\"313\" src=\"https:\/\/datadrivnafabriken.com\/wp-content\/uploads\/2024\/12\/AI-Epical.jpg\" class=\"attachment-large size-large wp-image-18351\" alt=\"En bild som visar en hand p\u00e5 en robot som ska symbolisera AI\" srcset=\"https:\/\/datadrivnafabriken.com\/wp-content\/uploads\/2024\/12\/AI-Epical.jpg 435w, https:\/\/datadrivnafabriken.com\/wp-content\/uploads\/2024\/12\/AI-Epical-300x216.jpg 300w\" sizes=\"(max-width: 435px) 100vw, 435px\" \/>\t\t\t\t\t\t\t\t\t\t\t\t\t\t\t<\/div>\n\t\t\t\t<\/div>\n\t\t\t\t<\/div>\n\t\t\t\t\t<\/div>\n\t\t\t\t<\/div>\n\t\t\t\t\t<\/div>\n\t\t\t\t<\/div>\n\t\t\t\t\t<\/div>\n\t\t\t\t<\/div>\n\t\t\t\t\t<\/div>\n\t\t\t\t<\/div>\n\t\t\t\t<\/div>\n\t\t<div class=\"elementor-element elementor-element-3f2822e e-flex e-con-boxed e-con e-parent\" data-id=\"3f2822e\" data-element_type=\"container\">\n\t\t\t\t\t<div class=\"e-con-inner\">\n\t\t\t\t<div class=\"elementor-element elementor-element-b496455 elementor-widget elementor-widget-spacer\" data-id=\"b496455\" data-element_type=\"widget\" data-widget_type=\"spacer.default\">\n\t\t\t\t<div class=\"elementor-widget-container\">\n\t\t\t\t\t\t\t<div class=\"elementor-spacer\">\n\t\t\t<div class=\"elementor-spacer-inner\"><\/div>\n\t\t<\/div>\n\t\t\t\t\t\t<\/div>\n\t\t\t\t<\/div>\n\t\t\t\t\t<\/div>\n\t\t\t\t<\/div>\n\t\t<div class=\"elementor-element elementor-element-5688855 e-flex e-con-boxed e-con e-parent\" data-id=\"5688855\" data-element_type=\"container\">\n\t\t\t\t\t<div class=\"e-con-inner\">\n\t\t\t\t<div class=\"elementor-element elementor-element-4229869 elementor-widget elementor-widget-text-editor\" data-id=\"4229869\" data-element_type=\"widget\" data-widget_type=\"text-editor.default\">\n\t\t\t\t<div class=\"elementor-widget-container\">\n\t\t\t\t\t\t\t\t\t<p><span style=\"text-decoration: underline; color: #f04800;\"><a style=\"color: #f04800;\" href=\"https:\/\/www.epicalgroup.com\/services\/data-analytics\/artificial-intelligence-ai-and-analytics\" target=\"_blank\" rel=\"noopener\"><span class=\"hover_link_external\">Learn more about various AI services from Epical \u2192<\/span><\/a><\/span><\/p>\t\t\t\t\t\t\t\t<\/div>\n\t\t\t\t<\/div>\n\t\t\t\t\t<\/div>\n\t\t\t\t<\/div>\n\t\t<div class=\"elementor-element elementor-element-f12e985 e-flex e-con-boxed e-con e-parent\" data-id=\"f12e985\" data-element_type=\"container\">\n\t\t\t\t\t<div class=\"e-con-inner\">\n\t\t\t\t<div class=\"elementor-element elementor-element-be272d6 elementor-widget elementor-widget-spacer\" data-id=\"be272d6\" data-element_type=\"widget\" data-widget_type=\"spacer.default\">\n\t\t\t\t<div class=\"elementor-widget-container\">\n\t\t\t\t\t\t\t<div class=\"elementor-spacer\">\n\t\t\t<div class=\"elementor-spacer-inner\"><\/div>\n\t\t<\/div>\n\t\t\t\t\t\t<\/div>\n\t\t\t\t<\/div>\n\t\t\t\t\t<\/div>\n\t\t\t\t<\/div>\n\t\t\t\t<\/div>","protected":false},"excerpt":{"rendered":"<p>EPICALS TJ\u00c4NSTER AI Nyttja kraften bakom AI Artificiell intelligens (AI) har blivit en central del av m\u00e5nga aspekter av v\u00e5ra [&hellip;]<\/p>","protected":false},"author":1,"featured_media":0,"parent":0,"menu_order":0,"comment_status":"closed","ping_status":"closed","template":"","meta":{"content-type":"","site-sidebar-layout":"no-sidebar","site-content-layout":"","ast-site-content-layout":"full-width-container","site-content-style":"default","site-sidebar-style":"default","ast-global-header-display":"","ast-banner-title-visibility":"","ast-main-header-display":"","ast-hfb-above-header-display":"","ast-hfb-below-header-display":"","ast-hfb-mobile-header-display":"","site-post-title":"disabled","ast-breadcrumbs-content":"","ast-featured-img":"disabled","footer-sml-layout":"","theme-transparent-header-meta":"","adv-header-id-meta":"","stick-header-meta":"","header-above-stick-meta":"","header-main-stick-meta":"","header-below-stick-meta":"","astra-migrate-meta-layouts":"default","ast-page-background-enabled":"default","ast-page-background-meta":{"desktop":{"background-color":"var(--ast-global-color-4)","background-image":"","background-repeat":"repeat","background-position":"center center","background-size":"auto","background-attachment":"scroll","background-type":"","background-media":"","overlay-type":"","overlay-color":"","overlay-opacity":"","overlay-gradient":""},"tablet":{"background-color":"","background-image":"","background-repeat":"repeat","background-position":"center center","background-size":"auto","background-attachment":"scroll","background-type":"","background-media":"","overlay-type":"","overlay-color":"","overlay-opacity":"","overlay-gradient":""},"mobile":{"background-color":"","background-image":"","background-repeat":"repeat","background-position":"center center","background-size":"auto","background-attachment":"scroll","background-type":"","background-media":"","overlay-type":"","overlay-color":"","overlay-opacity":"","overlay-gradient":""}},"ast-content-background-meta":{"desktop":{"background-color":"var(--ast-global-color-5)","background-image":"","background-repeat":"repeat","background-position":"center center","background-size":"auto","background-attachment":"scroll","background-type":"","background-media":"","overlay-type":"","overlay-color":"","overlay-opacity":"","overlay-gradient":""},"tablet":{"background-color":"var(--ast-global-color-5)","background-image":"","background-repeat":"repeat","background-position":"center center","background-size":"auto","background-attachment":"scroll","background-type":"","background-media":"","overlay-type":"","overlay-color":"","overlay-opacity":"","overlay-gradient":""},"mobile":{"background-color":"var(--ast-global-color-5)","background-image":"","background-repeat":"repeat","background-position":"center center","background-size":"auto","background-attachment":"scroll","background-type":"","background-media":"","overlay-type":"","overlay-color":"","overlay-opacity":"","overlay-gradient":""}},"footnotes":""},"class_list":["post-10304","page","type-page","status-publish","hentry"],"yoast_head":"<!-- This site is optimized with the Yoast SEO plugin v26.6 - https:\/\/yoast.com\/wordpress\/plugins\/seo\/ -->\n<title>AI - Datadrivna fabriken<\/title>\n<meta name=\"description\" content=\"Uppt\u00e4ck kraften i AI som automatiserar processer, f\u00f6rb\u00e4ttrar beslutsfattande och s\u00e4kerhet, samt driver innovation inom olika omr\u00e5den.\" \/>\n<meta name=\"robots\" content=\"index, follow, max-snippet:-1, max-image-preview:large, max-video-preview:-1\" \/>\n<link rel=\"canonical\" href=\"https:\/\/datadrivnafabriken.com\/en\/ai\/\" \/>\n<meta property=\"og:locale\" content=\"en_US\" \/>\n<meta property=\"og:type\" content=\"article\" \/>\n<meta property=\"og:title\" content=\"AI - Datadrivna fabriken\" \/>\n<meta property=\"og:description\" content=\"Uppt\u00e4ck kraften i AI som automatiserar processer, f\u00f6rb\u00e4ttrar beslutsfattande och s\u00e4kerhet, samt driver innovation inom olika omr\u00e5den.\" \/>\n<meta property=\"og:url\" content=\"https:\/\/datadrivnafabriken.com\/en\/ai\/\" \/>\n<meta property=\"og:site_name\" content=\"Datadrivna fabriken\" \/>\n<meta property=\"article:modified_time\" content=\"2025-05-02T12:13:22+00:00\" \/>\n<meta property=\"og:image\" content=\"https:\/\/datadrivnafabriken.com\/wp-content\/uploads\/2024\/12\/AI-Epical.jpg\" \/>\n\t<meta property=\"og:image:width\" content=\"435\" \/>\n\t<meta property=\"og:image:height\" content=\"313\" \/>\n\t<meta property=\"og:image:type\" content=\"image\/jpeg\" \/>\n<meta name=\"twitter:card\" content=\"summary_large_image\" \/>\n<meta name=\"twitter:label1\" content=\"Est. reading time\" \/>\n\t<meta name=\"twitter:data1\" content=\"2 minutes\" \/>\n<script type=\"application\/ld+json\" class=\"yoast-schema-graph\">{\"@context\":\"https:\/\/schema.org\",\"@graph\":[{\"@type\":\"WebPage\",\"@id\":\"https:\/\/datadrivnafabriken.com\/ai\/\",\"url\":\"https:\/\/datadrivnafabriken.com\/ai\/\",\"name\":\"AI - Datadrivna fabriken\",\"isPartOf\":{\"@id\":\"https:\/\/datadrivnafabriken.com\/#website\"},\"primaryImageOfPage\":{\"@id\":\"https:\/\/datadrivnafabriken.com\/ai\/#primaryimage\"},\"image\":{\"@id\":\"https:\/\/datadrivnafabriken.com\/ai\/#primaryimage\"},\"thumbnailUrl\":\"https:\/\/datadrivnafabriken.com\/wp-content\/uploads\/2024\/12\/AI-Epical.jpg\",\"datePublished\":\"2024-11-18T08:19:08+00:00\",\"dateModified\":\"2025-05-02T12:13:22+00:00\",\"description\":\"Uppt\u00e4ck kraften i AI som automatiserar processer, f\u00f6rb\u00e4ttrar beslutsfattande och s\u00e4kerhet, samt driver innovation inom olika omr\u00e5den.\",\"breadcrumb\":{\"@id\":\"https:\/\/datadrivnafabriken.com\/ai\/#breadcrumb\"},\"inLanguage\":\"en-US\",\"potentialAction\":[{\"@type\":\"ReadAction\",\"target\":[\"https:\/\/datadrivnafabriken.com\/ai\/\"]}]},{\"@type\":\"ImageObject\",\"inLanguage\":\"en-US\",\"@id\":\"https:\/\/datadrivnafabriken.com\/ai\/#primaryimage\",\"url\":\"https:\/\/datadrivnafabriken.com\/wp-content\/uploads\/2024\/12\/AI-Epical.jpg\",\"contentUrl\":\"https:\/\/datadrivnafabriken.com\/wp-content\/uploads\/2024\/12\/AI-Epical.jpg\"},{\"@type\":\"BreadcrumbList\",\"@id\":\"https:\/\/datadrivnafabriken.com\/ai\/#breadcrumb\",\"itemListElement\":[{\"@type\":\"ListItem\",\"position\":1,\"name\":\"Hem\",\"item\":\"https:\/\/datadrivnafabriken.com\/\"},{\"@type\":\"ListItem\",\"position\":2,\"name\":\"AI\"}]},{\"@type\":\"WebSite\",\"@id\":\"https:\/\/datadrivnafabriken.com\/#website\",\"url\":\"https:\/\/datadrivnafabriken.com\/\",\"name\":\"Datadrivna fabriken\",\"description\":\"\",\"publisher\":{\"@id\":\"https:\/\/datadrivnafabriken.com\/#organization\"},\"potentialAction\":[{\"@type\":\"SearchAction\",\"target\":{\"@type\":\"EntryPoint\",\"urlTemplate\":\"https:\/\/datadrivnafabriken.com\/?s={search_term_string}\"},\"query-input\":{\"@type\":\"PropertyValueSpecification\",\"valueRequired\":true,\"valueName\":\"search_term_string\"}}],\"inLanguage\":\"en-US\"},{\"@type\":\"Organization\",\"@id\":\"https:\/\/datadrivnafabriken.com\/#organization\",\"name\":\"Datadrivna fabriken\",\"url\":\"https:\/\/datadrivnafabriken.com\/\",\"logo\":{\"@type\":\"ImageObject\",\"inLanguage\":\"en-US\",\"@id\":\"https:\/\/datadrivnafabriken.com\/#\/schema\/logo\/image\/\",\"url\":\"https:\/\/datadrivnafabriken.com\/wp-content\/uploads\/2024\/11\/cropped-epicalgroup_logo.jpg\",\"contentUrl\":\"https:\/\/datadrivnafabriken.com\/wp-content\/uploads\/2024\/11\/cropped-epicalgroup_logo.jpg\",\"width\":512,\"height\":512,\"caption\":\"Datadrivna fabriken\"},\"image\":{\"@id\":\"https:\/\/datadrivnafabriken.com\/#\/schema\/logo\/image\/\"}}]}<\/script>\n<!-- \/ Yoast SEO plugin. -->","yoast_head_json":{"title":"AI - Datadrivna fabriken","description":"Uppt\u00e4ck kraften i AI som automatiserar processer, f\u00f6rb\u00e4ttrar beslutsfattande och s\u00e4kerhet, samt driver innovation inom olika omr\u00e5den.","robots":{"index":"index","follow":"follow","max-snippet":"max-snippet:-1","max-image-preview":"max-image-preview:large","max-video-preview":"max-video-preview:-1"},"canonical":"https:\/\/datadrivnafabriken.com\/en\/ai\/","og_locale":"en_US","og_type":"article","og_title":"AI - Datadrivna fabriken","og_description":"Uppt\u00e4ck kraften i AI som automatiserar processer, f\u00f6rb\u00e4ttrar beslutsfattande och s\u00e4kerhet, samt driver innovation inom olika omr\u00e5den.","og_url":"https:\/\/datadrivnafabriken.com\/en\/ai\/","og_site_name":"Datadrivna fabriken","article_modified_time":"2025-05-02T12:13:22+00:00","og_image":[{"width":435,"height":313,"url":"https:\/\/datadrivnafabriken.com\/wp-content\/uploads\/2024\/12\/AI-Epical.jpg","type":"image\/jpeg"}],"twitter_card":"summary_large_image","twitter_misc":{"Est. reading time":"2 minutes"},"schema":{"@context":"https:\/\/schema.org","@graph":[{"@type":"WebPage","@id":"https:\/\/datadrivnafabriken.com\/ai\/","url":"https:\/\/datadrivnafabriken.com\/ai\/","name":"AI - Datadrivna fabriken","isPartOf":{"@id":"https:\/\/datadrivnafabriken.com\/#website"},"primaryImageOfPage":{"@id":"https:\/\/datadrivnafabriken.com\/ai\/#primaryimage"},"image":{"@id":"https:\/\/datadrivnafabriken.com\/ai\/#primaryimage"},"thumbnailUrl":"https:\/\/datadrivnafabriken.com\/wp-content\/uploads\/2024\/12\/AI-Epical.jpg","datePublished":"2024-11-18T08:19:08+00:00","dateModified":"2025-05-02T12:13:22+00:00","description":"Uppt\u00e4ck kraften i AI som automatiserar processer, f\u00f6rb\u00e4ttrar beslutsfattande och s\u00e4kerhet, samt driver innovation inom olika omr\u00e5den.","breadcrumb":{"@id":"https:\/\/datadrivnafabriken.com\/ai\/#breadcrumb"},"inLanguage":"en-US","potentialAction":[{"@type":"ReadAction","target":["https:\/\/datadrivnafabriken.com\/ai\/"]}]},{"@type":"ImageObject","inLanguage":"en-US","@id":"https:\/\/datadrivnafabriken.com\/ai\/#primaryimage","url":"https:\/\/datadrivnafabriken.com\/wp-content\/uploads\/2024\/12\/AI-Epical.jpg","contentUrl":"https:\/\/datadrivnafabriken.com\/wp-content\/uploads\/2024\/12\/AI-Epical.jpg"},{"@type":"BreadcrumbList","@id":"https:\/\/datadrivnafabriken.com\/ai\/#breadcrumb","itemListElement":[{"@type":"ListItem","position":1,"name":"Hem","item":"https:\/\/datadrivnafabriken.com\/"},{"@type":"ListItem","position":2,"name":"AI"}]},{"@type":"WebSite","@id":"https:\/\/datadrivnafabriken.com\/#website","url":"https:\/\/datadrivnafabriken.com\/","name":"Datadrivna fabriken","description":"","publisher":{"@id":"https:\/\/datadrivnafabriken.com\/#organization"},"potentialAction":[{"@type":"SearchAction","target":{"@type":"EntryPoint","urlTemplate":"https:\/\/datadrivnafabriken.com\/?s={search_term_string}"},"query-input":{"@type":"PropertyValueSpecification","valueRequired":true,"valueName":"search_term_string"}}],"inLanguage":"en-US"},{"@type":"Organization","@id":"https:\/\/datadrivnafabriken.com\/#organization","name":"Datadrivna fabriken","url":"https:\/\/datadrivnafabriken.com\/","logo":{"@type":"ImageObject","inLanguage":"en-US","@id":"https:\/\/datadrivnafabriken.com\/#\/schema\/logo\/image\/","url":"https:\/\/datadrivnafabriken.com\/wp-content\/uploads\/2024\/11\/cropped-epicalgroup_logo.jpg","contentUrl":"https:\/\/datadrivnafabriken.com\/wp-content\/uploads\/2024\/11\/cropped-epicalgroup_logo.jpg","width":512,"height":512,"caption":"Datadrivna fabriken"},"image":{"@id":"https:\/\/datadrivnafabriken.com\/#\/schema\/logo\/image\/"}}]}},"_links":{"self":[{"href":"https:\/\/datadrivnafabriken.com\/en\/wp-json\/wp\/v2\/pages\/10304","targetHints":{"allow":["GET"]}}],"collection":[{"href":"https:\/\/datadrivnafabriken.com\/en\/wp-json\/wp\/v2\/pages"}],"about":[{"href":"https:\/\/datadrivnafabriken.com\/en\/wp-json\/wp\/v2\/types\/page"}],"author":[{"embeddable":true,"href":"https:\/\/datadrivnafabriken.com\/en\/wp-json\/wp\/v2\/users\/1"}],"replies":[{"embeddable":true,"href":"https:\/\/datadrivnafabriken.com\/en\/wp-json\/wp\/v2\/comments?post=10304"}],"version-history":[{"count":199,"href":"https:\/\/datadrivnafabriken.com\/en\/wp-json\/wp\/v2\/pages\/10304\/revisions"}],"predecessor-version":[{"id":20369,"href":"https:\/\/datadrivnafabriken.com\/en\/wp-json\/wp\/v2\/pages\/10304\/revisions\/20369"}],"wp:attachment":[{"href":"https:\/\/datadrivnafabriken.com\/en\/wp-json\/wp\/v2\/media?parent=10304"}],"curies":[{"name":"wp","href":"https:\/\/api.w.org\/{rel}","templated":true}]}}