{"id":10302,"date":"2024-11-18T08:19:01","date_gmt":"2024-11-18T08:19:01","guid":{"rendered":"https:\/\/datadrivnafabriken.com\/?page_id=10302"},"modified":"2025-05-02T12:14:25","modified_gmt":"2025-05-02T12:14:25","slug":"bi-losningar","status":"publish","type":"page","link":"https:\/\/datadrivnafabriken.com\/en\/bi-losningar\/","title":{"rendered":"BI Solutions"},"content":{"rendered":"<div data-elementor-type=\"wp-page\" data-elementor-id=\"10302\" class=\"elementor elementor-10302\" data-elementor-post-type=\"page\">\n\t\t\t\t<div class=\"elementor-element elementor-element-202ff2c e-con-full e-flex e-con e-parent\" data-id=\"202ff2c\" data-element_type=\"container\">\n\t\t<div class=\"elementor-element elementor-element-d4887fa e-con-full e-flex e-con e-child\" data-id=\"d4887fa\" data-element_type=\"container\">\n\t\t<div class=\"elementor-element elementor-element-fbdb841 e-con-full e-flex e-con e-child\" data-id=\"fbdb841\" data-element_type=\"container\">\n\t\t<div class=\"elementor-element elementor-element-3982d82 e-con-full e-flex e-con e-child\" data-id=\"3982d82\" data-element_type=\"container\">\n\t\t<div class=\"elementor-element elementor-element-ebeff65 e-con-full e-flex e-con e-child\" data-id=\"ebeff65\" data-element_type=\"container\" data-settings=\"{&quot;background_background&quot;:&quot;classic&quot;}\">\n\t\t<div class=\"elementor-element elementor-element-3370fca e-flex e-con-boxed e-con e-child\" data-id=\"3370fca\" data-element_type=\"container\">\n\t\t\t\t\t<div class=\"e-con-inner\">\n\t\t\t\t<div class=\"elementor-element elementor-element-fb9eda5 elementor-widget elementor-widget-heading\" data-id=\"fb9eda5\" data-element_type=\"widget\" data-widget_type=\"heading.default\">\n\t\t\t\t<div class=\"elementor-widget-container\">\n\t\t\t\t\t<h2 class=\"elementor-heading-title elementor-size-default\">EPICALS TJ\u00c4NSTER<\/h2>\t\t\t\t<\/div>\n\t\t\t\t<\/div>\n\t\t\t\t<div class=\"elementor-element elementor-element-58b7289 elementor-widget elementor-widget-heading\" data-id=\"58b7289\" data-element_type=\"widget\" data-widget_type=\"heading.default\">\n\t\t\t\t<div class=\"elementor-widget-container\">\n\t\t\t\t\t<h1 class=\"elementor-heading-title elementor-size-default\">BI Solutions<\/h1>\t\t\t\t<\/div>\n\t\t\t\t<\/div>\n\t\t\t\t\t<\/div>\n\t\t\t\t<\/div>\n\t\t\t\t<\/div>\n\t\t\t\t<\/div>\n\t\t\t\t<\/div>\n\t\t\t\t<\/div>\n\t\t\t\t<\/div>\n\t\t<div class=\"elementor-element elementor-element-439207c e-flex e-con-boxed e-con e-parent\" data-id=\"439207c\" data-element_type=\"container\">\n\t\t\t\t\t<div class=\"e-con-inner\">\n\t\t<div class=\"elementor-element elementor-element-0241c02 e-con-full e-flex e-con e-child\" data-id=\"0241c02\" data-element_type=\"container\">\n\t\t\t\t<div class=\"elementor-element elementor-element-e6f83b6 elementor-widget elementor-widget-spacer\" data-id=\"e6f83b6\" data-element_type=\"widget\" data-widget_type=\"spacer.default\">\n\t\t\t\t<div class=\"elementor-widget-container\">\n\t\t\t\t\t\t\t<div class=\"elementor-spacer\">\n\t\t\t<div class=\"elementor-spacer-inner\"><\/div>\n\t\t<\/div>\n\t\t\t\t\t\t<\/div>\n\t\t\t\t<\/div>\n\t\t\t\t<\/div>\n\t\t\t\t\t<\/div>\n\t\t\t\t<\/div>\n\t\t<div class=\"elementor-element elementor-element-1e75d9f e-con-full e-flex e-con e-parent\" data-id=\"1e75d9f\" data-element_type=\"container\">\n\t\t<div class=\"elementor-element elementor-element-505bc9c e-con-full e-flex e-con e-child\" data-id=\"505bc9c\" data-element_type=\"container\">\n\t\t<div class=\"elementor-element elementor-element-7fda8b0 e-flex e-con-boxed e-con e-child\" data-id=\"7fda8b0\" data-element_type=\"container\">\n\t\t\t\t\t<div class=\"e-con-inner\">\n\t\t\t\t<div class=\"elementor-element elementor-element-7daef6a Visible_paths elementor-widget elementor-widget-breadcrumbs\" data-id=\"7daef6a\" data-element_type=\"widget\" data-widget_type=\"breadcrumbs.default\">\n\t\t\t\t<div class=\"elementor-widget-container\">\n\t\t\t\t\t<p id=\"breadcrumbs\"><span><span><a href=\"https:\/\/datadrivnafabriken.com\/en\/\">Home<\/a><\/span><\/span><\/p>\t\t\t\t<\/div>\n\t\t\t\t<\/div>\n\t\t\t\t<div class=\"elementor-element elementor-element-1fc7723 elementor-widget elementor-widget-spacer\" data-id=\"1fc7723\" data-element_type=\"widget\" data-widget_type=\"spacer.default\">\n\t\t\t\t<div class=\"elementor-widget-container\">\n\t\t\t\t\t\t\t<div class=\"elementor-spacer\">\n\t\t\t<div class=\"elementor-spacer-inner\"><\/div>\n\t\t<\/div>\n\t\t\t\t\t\t<\/div>\n\t\t\t\t<\/div>\n\t\t\t\t\t<\/div>\n\t\t\t\t<\/div>\n\t\t\t\t<\/div>\n\t\t\t\t<\/div>\n\t\t<div class=\"elementor-element elementor-element-1a1401d e-flex e-con-boxed e-con e-parent\" data-id=\"1a1401d\" data-element_type=\"container\">\n\t\t\t\t\t<div class=\"e-con-inner\">\n\t\t<div class=\"elementor-element elementor-element-fa49e6d e-con-full e-flex e-con e-child\" data-id=\"fa49e6d\" data-element_type=\"container\">\n\t\t\t\t<div class=\"elementor-element elementor-element-2e69037 elementor-widget elementor-widget-heading\" data-id=\"2e69037\" data-element_type=\"widget\" data-widget_type=\"heading.default\">\n\t\t\t\t<div class=\"elementor-widget-container\">\n\t\t\t\t\t<h2 class=\"elementor-heading-title elementor-size-default\">Unique BI Solutions<\/h2>\t\t\t\t<\/div>\n\t\t\t\t<\/div>\n\t\t\t\t<div class=\"elementor-element elementor-element-dcf8534 elementor-hidden-desktop elementor-hidden-tablet elementor-widget elementor-widget-image\" data-id=\"dcf8534\" data-element_type=\"widget\" data-widget_type=\"image.default\">\n\t\t\t\t<div class=\"elementor-widget-container\">\n\t\t\t\t\t\t\t\t\t\t\t\t\t\t\t<img fetchpriority=\"high\" decoding=\"async\" width=\"470\" height=\"313\" src=\"https:\/\/datadrivnafabriken.com\/wp-content\/uploads\/2024\/12\/BI-Epical.jpg\" class=\"attachment-large size-large wp-image-18361\" alt=\"En bild p\u00e5 en kille som sitter med tv\u00e5 datorer och jobbar med BI-l\u00f6sningar\" srcset=\"https:\/\/datadrivnafabriken.com\/wp-content\/uploads\/2024\/12\/BI-Epical.jpg 470w, https:\/\/datadrivnafabriken.com\/wp-content\/uploads\/2024\/12\/BI-Epical-300x200.jpg 300w\" sizes=\"(max-width: 470px) 100vw, 470px\" \/>\t\t\t\t\t\t\t\t\t\t\t\t\t\t\t<\/div>\n\t\t\t\t<\/div>\n\t\t\t\t<div class=\"elementor-element elementor-element-a6f00a5 elementor-widget elementor-widget-text-editor\" data-id=\"a6f00a5\" data-element_type=\"widget\" data-widget_type=\"text-editor.default\">\n\t\t\t\t<div class=\"elementor-widget-container\">\n\t\t\t\t\t\t\t\t\t<p>Implementing a Business Intelligence (BI) system can provide many benefits for a company:<\/p>\t\t\t\t\t\t\t\t<\/div>\n\t\t\t\t<\/div>\n\t\t\t\t<div class=\"elementor-element elementor-element-672c019 elementor-widget elementor-widget-text-editor\" data-id=\"672c019\" data-element_type=\"widget\" data-widget_type=\"text-editor.default\">\n\t\t\t\t<div class=\"elementor-widget-container\">\n\t\t\t\t\t\t\t\t\t<ol>\n \t<li><strong>Better decision-making:<\/strong> BI systems help companies collect, analyze, and visualize data, providing insights that support more informed and data-driven decisions.<\/li><br>\n \t<li><strong>Identify trends and patterns:<\/strong> BI tools can analyze large amounts of data to detect trends and patterns that may be difficult to see manually.<\/li><br>\n \t<li><strong>Increased efficiency:<\/strong> By automating data management and reporting, BI systems can save time and resources, allowing employees to focus on more strategic tasks.<\/li>\n<\/ol>\t\t\t\t\t\t\t\t<\/div>\n\t\t\t\t<\/div>\n\t\t\t\t<div class=\"elementor-element elementor-element-cf5075f elementor-widget elementor-widget-text-editor\" data-id=\"cf5075f\" data-element_type=\"widget\" data-widget_type=\"text-editor.default\">\n\t\t\t\t<div class=\"elementor-widget-container\">\n\t\t\t\t\t\t\t\t\t<p>Streamline your workflows in maintenance, inventory, operations, and procurement through our best practice BI applications and enable your organization to base its decisions on facts:<\/p>\t\t\t\t\t\t\t\t<\/div>\n\t\t\t\t<\/div>\n\t\t\t\t<div class=\"elementor-element elementor-element-29a5803 elementor-widget elementor-widget-text-editor\" data-id=\"29a5803\" data-element_type=\"widget\" data-widget_type=\"text-editor.default\">\n\t\t\t\t<div class=\"elementor-widget-container\">\n\t\t\t\t\t\t\t\t\t<ul><li>Performance measurement<\/li><li>Scheduling<\/li><li>Daily Management<\/li><li>Delivery monitoring<\/li><li>Process behavior maintenance<\/li><li>Balancing\/leveling PM plan<\/li><\/ul>\t\t\t\t\t\t\t\t<\/div>\n\t\t\t\t<\/div>\n\t\t\t\t<div class=\"elementor-element elementor-element-5144122 elementor-widget elementor-widget-text-editor\" data-id=\"5144122\" data-element_type=\"widget\" data-widget_type=\"text-editor.default\">\n\t\t\t\t<div class=\"elementor-widget-container\">\n\t\t\t\t\t\t\t\t\t<p>For those with needs different from the ones mentioned above, please refer to the Epical Group's website to learn more about <a href=\"https:\/\/www.epicalgroup.com\/services\/data-analytics\/business-intelligence-bi\" target=\"_blank\" rel=\"noopener\"><span class=\"hover_link_external\" style=\"text-decoration: underline;\">Epical's business unit, Data &amp; Analytics (DnA), offers comprehensive Business Intelligence (BI) services<\/span><\/a><\/p>\t\t\t\t\t\t\t\t<\/div>\n\t\t\t\t<\/div>\n\t\t\t\t<\/div>\n\t\t<div class=\"elementor-element elementor-element-8c8c97b e-con-full elementor-hidden-mobile e-flex e-con e-child\" data-id=\"8c8c97b\" data-element_type=\"container\">\n\t\t\t\t<div class=\"elementor-element elementor-element-cd33e5b elementor-widget elementor-widget-image\" data-id=\"cd33e5b\" data-element_type=\"widget\" data-widget_type=\"image.default\">\n\t\t\t\t<div class=\"elementor-widget-container\">\n\t\t\t\t\t\t\t\t\t\t\t\t\t\t\t<img fetchpriority=\"high\" decoding=\"async\" width=\"470\" height=\"313\" src=\"https:\/\/datadrivnafabriken.com\/wp-content\/uploads\/2024\/12\/BI-Epical.jpg\" class=\"attachment-large size-large wp-image-18361\" alt=\"En bild p\u00e5 en kille som sitter med tv\u00e5 datorer och jobbar med BI-l\u00f6sningar\" srcset=\"https:\/\/datadrivnafabriken.com\/wp-content\/uploads\/2024\/12\/BI-Epical.jpg 470w, https:\/\/datadrivnafabriken.com\/wp-content\/uploads\/2024\/12\/BI-Epical-300x200.jpg 300w\" sizes=\"(max-width: 470px) 100vw, 470px\" \/>\t\t\t\t\t\t\t\t\t\t\t\t\t\t\t<\/div>\n\t\t\t\t<\/div>\n\t\t\t\t<\/div>\n\t\t\t\t\t<\/div>\n\t\t\t\t<\/div>\n\t\t<div class=\"elementor-element elementor-element-47f9ff4 e-flex e-con-boxed e-con e-parent\" data-id=\"47f9ff4\" data-element_type=\"container\">\n\t\t\t\t\t<div class=\"e-con-inner\">\n\t\t\t\t<div class=\"elementor-element elementor-element-06bb1c2 elementor-widget elementor-widget-spacer\" data-id=\"06bb1c2\" data-element_type=\"widget\" data-widget_type=\"spacer.default\">\n\t\t\t\t<div class=\"elementor-widget-container\">\n\t\t\t\t\t\t\t<div class=\"elementor-spacer\">\n\t\t\t<div class=\"elementor-spacer-inner\"><\/div>\n\t\t<\/div>\n\t\t\t\t\t\t<\/div>\n\t\t\t\t<\/div>\n\t\t\t\t\t<\/div>\n\t\t\t\t<\/div>\n\t\t\t\t<\/div>","protected":false},"excerpt":{"rendered":"<p>EPICALS TJ\u00c4NSTER BI-l\u00f6sningar Unika BI-l\u00f6sningar Att implementera ett Business Intelligence (BI) system kan ge m\u00e5nga f\u00f6rdelar f\u00f6r ett f\u00f6retag: B\u00e4ttre [&hellip;]<\/p>","protected":false},"author":1,"featured_media":0,"parent":0,"menu_order":0,"comment_status":"closed","ping_status":"closed","template":"","meta":{"content-type":"","site-sidebar-layout":"no-sidebar","site-content-layout":"","ast-site-content-layout":"full-width-container","site-content-style":"default","site-sidebar-style":"default","ast-global-header-display":"","ast-banner-title-visibility":"","ast-main-header-display":"","ast-hfb-above-header-display":"","ast-hfb-below-header-display":"","ast-hfb-mobile-header-display":"","site-post-title":"disabled","ast-breadcrumbs-content":"","ast-featured-img":"disabled","footer-sml-layout":"","theme-transparent-header-meta":"","adv-header-id-meta":"","stick-header-meta":"","header-above-stick-meta":"","header-main-stick-meta":"","header-below-stick-meta":"","astra-migrate-meta-layouts":"default","ast-page-background-enabled":"default","ast-page-background-meta":{"desktop":{"background-color":"var(--ast-global-color-4)","background-image":"","background-repeat":"repeat","background-position":"center center","background-size":"auto","background-attachment":"scroll","background-type":"","background-media":"","overlay-type":"","overlay-color":"","overlay-opacity":"","overlay-gradient":""},"tablet":{"background-color":"","background-image":"","background-repeat":"repeat","background-position":"center center","background-size":"auto","background-attachment":"scroll","background-type":"","background-media":"","overlay-type":"","overlay-color":"","overlay-opacity":"","overlay-gradient":""},"mobile":{"background-color":"","background-image":"","background-repeat":"repeat","background-position":"center center","background-size":"auto","background-attachment":"scroll","background-type":"","background-media":"","overlay-type":"","overlay-color":"","overlay-opacity":"","overlay-gradient":""}},"ast-content-background-meta":{"desktop":{"background-color":"var(--ast-global-color-5)","background-image":"","background-repeat":"repeat","background-position":"center center","background-size":"auto","background-attachment":"scroll","background-type":"","background-media":"","overlay-type":"","overlay-color":"","overlay-opacity":"","overlay-gradient":""},"tablet":{"background-color":"var(--ast-global-color-5)","background-image":"","background-repeat":"repeat","background-position":"center center","background-size":"auto","background-attachment":"scroll","background-type":"","background-media":"","overlay-type":"","overlay-color":"","overlay-opacity":"","overlay-gradient":""},"mobile":{"background-color":"var(--ast-global-color-5)","background-image":"","background-repeat":"repeat","background-position":"center center","background-size":"auto","background-attachment":"scroll","background-type":"","background-media":"","overlay-type":"","overlay-color":"","overlay-opacity":"","overlay-gradient":""}},"footnotes":""},"class_list":["post-10302","page","type-page","status-publish","hentry"],"yoast_head":"<!-- This site is optimized with the Yoast SEO plugin v26.6 - https:\/\/yoast.com\/wordpress\/plugins\/seo\/ -->\n<title>BI-l\u00f6sningar - Datadrivna fabriken<\/title>\n<meta name=\"description\" content=\"Uppt\u00e4ck hur BI-l\u00f6sningar kan f\u00f6rb\u00e4ttra beslutsfattande, identifiera trender och effektivisera underh\u00e5ll, drift och ink\u00f6p med best practice.\" \/>\n<meta name=\"robots\" content=\"index, follow, max-snippet:-1, max-image-preview:large, max-video-preview:-1\" \/>\n<link rel=\"canonical\" href=\"https:\/\/datadrivnafabriken.com\/en\/bi-losningar\/\" \/>\n<meta property=\"og:locale\" content=\"en_US\" \/>\n<meta property=\"og:type\" content=\"article\" \/>\n<meta property=\"og:title\" content=\"BI-l\u00f6sningar - Datadrivna fabriken\" \/>\n<meta property=\"og:description\" content=\"Uppt\u00e4ck hur BI-l\u00f6sningar kan f\u00f6rb\u00e4ttra beslutsfattande, identifiera trender och effektivisera underh\u00e5ll, drift och ink\u00f6p med best practice.\" \/>\n<meta property=\"og:url\" content=\"https:\/\/datadrivnafabriken.com\/en\/bi-losningar\/\" \/>\n<meta property=\"og:site_name\" content=\"Datadrivna fabriken\" \/>\n<meta property=\"article:modified_time\" content=\"2025-05-02T12:14:25+00:00\" \/>\n<meta property=\"og:image\" content=\"https:\/\/datadrivnafabriken.com\/wp-content\/uploads\/2024\/12\/BI-Epical.jpg\" \/>\n\t<meta property=\"og:image:width\" content=\"470\" \/>\n\t<meta property=\"og:image:height\" content=\"313\" \/>\n\t<meta property=\"og:image:type\" content=\"image\/jpeg\" \/>\n<meta name=\"twitter:card\" content=\"summary_large_image\" \/>\n<meta name=\"twitter:label1\" content=\"Est. reading time\" \/>\n\t<meta name=\"twitter:data1\" content=\"2 minutes\" \/>\n<script type=\"application\/ld+json\" class=\"yoast-schema-graph\">{\"@context\":\"https:\/\/schema.org\",\"@graph\":[{\"@type\":\"WebPage\",\"@id\":\"https:\/\/datadrivnafabriken.com\/bi-losningar\/\",\"url\":\"https:\/\/datadrivnafabriken.com\/bi-losningar\/\",\"name\":\"BI-l\u00f6sningar - Datadrivna fabriken\",\"isPartOf\":{\"@id\":\"https:\/\/datadrivnafabriken.com\/#website\"},\"primaryImageOfPage\":{\"@id\":\"https:\/\/datadrivnafabriken.com\/bi-losningar\/#primaryimage\"},\"image\":{\"@id\":\"https:\/\/datadrivnafabriken.com\/bi-losningar\/#primaryimage\"},\"thumbnailUrl\":\"https:\/\/datadrivnafabriken.com\/wp-content\/uploads\/2024\/12\/BI-Epical.jpg\",\"datePublished\":\"2024-11-18T08:19:01+00:00\",\"dateModified\":\"2025-05-02T12:14:25+00:00\",\"description\":\"Uppt\u00e4ck hur BI-l\u00f6sningar kan f\u00f6rb\u00e4ttra beslutsfattande, identifiera trender och effektivisera underh\u00e5ll, drift och ink\u00f6p med best practice.\",\"breadcrumb\":{\"@id\":\"https:\/\/datadrivnafabriken.com\/bi-losningar\/#breadcrumb\"},\"inLanguage\":\"en-US\",\"potentialAction\":[{\"@type\":\"ReadAction\",\"target\":[\"https:\/\/datadrivnafabriken.com\/bi-losningar\/\"]}]},{\"@type\":\"ImageObject\",\"inLanguage\":\"en-US\",\"@id\":\"https:\/\/datadrivnafabriken.com\/bi-losningar\/#primaryimage\",\"url\":\"https:\/\/datadrivnafabriken.com\/wp-content\/uploads\/2024\/12\/BI-Epical.jpg\",\"contentUrl\":\"https:\/\/datadrivnafabriken.com\/wp-content\/uploads\/2024\/12\/BI-Epical.jpg\"},{\"@type\":\"BreadcrumbList\",\"@id\":\"https:\/\/datadrivnafabriken.com\/bi-losningar\/#breadcrumb\",\"itemListElement\":[{\"@type\":\"ListItem\",\"position\":1,\"name\":\"Hem\",\"item\":\"https:\/\/datadrivnafabriken.com\/\"},{\"@type\":\"ListItem\",\"position\":2,\"name\":\"BI-l\u00f6sningar\"}]},{\"@type\":\"WebSite\",\"@id\":\"https:\/\/datadrivnafabriken.com\/#website\",\"url\":\"https:\/\/datadrivnafabriken.com\/\",\"name\":\"Datadrivna fabriken\",\"description\":\"\",\"publisher\":{\"@id\":\"https:\/\/datadrivnafabriken.com\/#organization\"},\"potentialAction\":[{\"@type\":\"SearchAction\",\"target\":{\"@type\":\"EntryPoint\",\"urlTemplate\":\"https:\/\/datadrivnafabriken.com\/?s={search_term_string}\"},\"query-input\":{\"@type\":\"PropertyValueSpecification\",\"valueRequired\":true,\"valueName\":\"search_term_string\"}}],\"inLanguage\":\"en-US\"},{\"@type\":\"Organization\",\"@id\":\"https:\/\/datadrivnafabriken.com\/#organization\",\"name\":\"Datadrivna fabriken\",\"url\":\"https:\/\/datadrivnafabriken.com\/\",\"logo\":{\"@type\":\"ImageObject\",\"inLanguage\":\"en-US\",\"@id\":\"https:\/\/datadrivnafabriken.com\/#\/schema\/logo\/image\/\",\"url\":\"https:\/\/datadrivnafabriken.com\/wp-content\/uploads\/2024\/11\/cropped-epicalgroup_logo.jpg\",\"contentUrl\":\"https:\/\/datadrivnafabriken.com\/wp-content\/uploads\/2024\/11\/cropped-epicalgroup_logo.jpg\",\"width\":512,\"height\":512,\"caption\":\"Datadrivna fabriken\"},\"image\":{\"@id\":\"https:\/\/datadrivnafabriken.com\/#\/schema\/logo\/image\/\"}}]}<\/script>\n<!-- \/ Yoast SEO plugin. -->","yoast_head_json":{"title":"BI-l\u00f6sningar - Datadrivna fabriken","description":"Uppt\u00e4ck hur BI-l\u00f6sningar kan f\u00f6rb\u00e4ttra beslutsfattande, identifiera trender och effektivisera underh\u00e5ll, drift och ink\u00f6p med best practice.","robots":{"index":"index","follow":"follow","max-snippet":"max-snippet:-1","max-image-preview":"max-image-preview:large","max-video-preview":"max-video-preview:-1"},"canonical":"https:\/\/datadrivnafabriken.com\/en\/bi-losningar\/","og_locale":"en_US","og_type":"article","og_title":"BI-l\u00f6sningar - Datadrivna fabriken","og_description":"Uppt\u00e4ck hur BI-l\u00f6sningar kan f\u00f6rb\u00e4ttra beslutsfattande, identifiera trender och effektivisera underh\u00e5ll, drift och ink\u00f6p med best practice.","og_url":"https:\/\/datadrivnafabriken.com\/en\/bi-losningar\/","og_site_name":"Datadrivna fabriken","article_modified_time":"2025-05-02T12:14:25+00:00","og_image":[{"width":470,"height":313,"url":"https:\/\/datadrivnafabriken.com\/wp-content\/uploads\/2024\/12\/BI-Epical.jpg","type":"image\/jpeg"}],"twitter_card":"summary_large_image","twitter_misc":{"Est. reading time":"2 minutes"},"schema":{"@context":"https:\/\/schema.org","@graph":[{"@type":"WebPage","@id":"https:\/\/datadrivnafabriken.com\/bi-losningar\/","url":"https:\/\/datadrivnafabriken.com\/bi-losningar\/","name":"BI-l\u00f6sningar - Datadrivna fabriken","isPartOf":{"@id":"https:\/\/datadrivnafabriken.com\/#website"},"primaryImageOfPage":{"@id":"https:\/\/datadrivnafabriken.com\/bi-losningar\/#primaryimage"},"image":{"@id":"https:\/\/datadrivnafabriken.com\/bi-losningar\/#primaryimage"},"thumbnailUrl":"https:\/\/datadrivnafabriken.com\/wp-content\/uploads\/2024\/12\/BI-Epical.jpg","datePublished":"2024-11-18T08:19:01+00:00","dateModified":"2025-05-02T12:14:25+00:00","description":"Uppt\u00e4ck hur BI-l\u00f6sningar kan f\u00f6rb\u00e4ttra beslutsfattande, identifiera trender och effektivisera underh\u00e5ll, drift och ink\u00f6p med best practice.","breadcrumb":{"@id":"https:\/\/datadrivnafabriken.com\/bi-losningar\/#breadcrumb"},"inLanguage":"en-US","potentialAction":[{"@type":"ReadAction","target":["https:\/\/datadrivnafabriken.com\/bi-losningar\/"]}]},{"@type":"ImageObject","inLanguage":"en-US","@id":"https:\/\/datadrivnafabriken.com\/bi-losningar\/#primaryimage","url":"https:\/\/datadrivnafabriken.com\/wp-content\/uploads\/2024\/12\/BI-Epical.jpg","contentUrl":"https:\/\/datadrivnafabriken.com\/wp-content\/uploads\/2024\/12\/BI-Epical.jpg"},{"@type":"BreadcrumbList","@id":"https:\/\/datadrivnafabriken.com\/bi-losningar\/#breadcrumb","itemListElement":[{"@type":"ListItem","position":1,"name":"Hem","item":"https:\/\/datadrivnafabriken.com\/"},{"@type":"ListItem","position":2,"name":"BI-l\u00f6sningar"}]},{"@type":"WebSite","@id":"https:\/\/datadrivnafabriken.com\/#website","url":"https:\/\/datadrivnafabriken.com\/","name":"Datadrivna fabriken","description":"","publisher":{"@id":"https:\/\/datadrivnafabriken.com\/#organization"},"potentialAction":[{"@type":"SearchAction","target":{"@type":"EntryPoint","urlTemplate":"https:\/\/datadrivnafabriken.com\/?s={search_term_string}"},"query-input":{"@type":"PropertyValueSpecification","valueRequired":true,"valueName":"search_term_string"}}],"inLanguage":"en-US"},{"@type":"Organization","@id":"https:\/\/datadrivnafabriken.com\/#organization","name":"Datadrivna fabriken","url":"https:\/\/datadrivnafabriken.com\/","logo":{"@type":"ImageObject","inLanguage":"en-US","@id":"https:\/\/datadrivnafabriken.com\/#\/schema\/logo\/image\/","url":"https:\/\/datadrivnafabriken.com\/wp-content\/uploads\/2024\/11\/cropped-epicalgroup_logo.jpg","contentUrl":"https:\/\/datadrivnafabriken.com\/wp-content\/uploads\/2024\/11\/cropped-epicalgroup_logo.jpg","width":512,"height":512,"caption":"Datadrivna fabriken"},"image":{"@id":"https:\/\/datadrivnafabriken.com\/#\/schema\/logo\/image\/"}}]}},"_links":{"self":[{"href":"https:\/\/datadrivnafabriken.com\/en\/wp-json\/wp\/v2\/pages\/10302","targetHints":{"allow":["GET"]}}],"collection":[{"href":"https:\/\/datadrivnafabriken.com\/en\/wp-json\/wp\/v2\/pages"}],"about":[{"href":"https:\/\/datadrivnafabriken.com\/en\/wp-json\/wp\/v2\/types\/page"}],"author":[{"embeddable":true,"href":"https:\/\/datadrivnafabriken.com\/en\/wp-json\/wp\/v2\/users\/1"}],"replies":[{"embeddable":true,"href":"https:\/\/datadrivnafabriken.com\/en\/wp-json\/wp\/v2\/comments?post=10302"}],"version-history":[{"count":95,"href":"https:\/\/datadrivnafabriken.com\/en\/wp-json\/wp\/v2\/pages\/10302\/revisions"}],"predecessor-version":[{"id":20381,"href":"https:\/\/datadrivnafabriken.com\/en\/wp-json\/wp\/v2\/pages\/10302\/revisions\/20381"}],"wp:attachment":[{"href":"https:\/\/datadrivnafabriken.com\/en\/wp-json\/wp\/v2\/media?parent=10302"}],"curies":[{"name":"wp","href":"https:\/\/api.w.org\/{rel}","templated":true}]}}